{"id":12065,"date":"2023-06-14T08:47:18","date_gmt":"2023-06-14T08:47:18","guid":{"rendered":"https:\/\/t-d-i.es\/articles-tecnics\/"},"modified":"2023-06-14T08:47:19","modified_gmt":"2023-06-14T08:47:19","slug":"articles-tecnics","status":"publish","type":"page","link":"https:\/\/t-d-i.es\/ca\/articles-tecnics\/","title":{"rendered":"Articles t\u00e8cnics"},"content":{"rendered":"\t\t<div data-elementor-type=\"wp-page\" data-elementor-id=\"12065\" class=\"elementor elementor-12065 elementor-11583\">\n\t\t\t\t\t\t<section class=\"elementor-section elementor-top-section elementor-element elementor-element-82c409b elementor-section-boxed elementor-section-height-default elementor-section-height-default\" data-id=\"82c409b\" data-element_type=\"section\" data-e-type=\"section\" data-settings=\"{&quot;jet_parallax_layout_list&quot;:[]}\">\n\t\t\t\t\t\t<div class=\"elementor-container elementor-column-gap-default\">\n\t\t\t\t\t<div class=\"elementor-column elementor-col-100 elementor-top-column elementor-element elementor-element-1bf78e8\" data-id=\"1bf78e8\" data-element_type=\"column\" data-e-type=\"column\">\n\t\t\t<div class=\"elementor-widget-wrap elementor-element-populated\">\n\t\t\t\t\t\t<div class=\"elementor-element elementor-element-cd6da61 animated-slow elementor-invisible elementor-widget elementor-widget-heading\" data-id=\"cd6da61\" data-element_type=\"widget\" data-e-type=\"widget\" data-settings=\"{&quot;_animation&quot;:&quot;fadeIn&quot;}\" data-widget_type=\"heading.default\">\n\t\t\t\t\t<h1 class=\"elementor-heading-title elementor-size-default\">ARTICLES T\u00c8CNICS<\/h1>\t\t\t\t<\/div>\n\t\t\t\t\t<\/div>\n\t\t<\/div>\n\t\t\t\t\t<\/div>\n\t\t<\/section>\n\t\t\t\t<section class=\"elementor-section elementor-top-section elementor-element elementor-element-bfd3920 elementor-section-boxed elementor-section-height-default elementor-section-height-default\" data-id=\"bfd3920\" data-element_type=\"section\" data-e-type=\"section\" data-settings=\"{&quot;jet_parallax_layout_list&quot;:[]}\">\n\t\t\t\t\t\t<div class=\"elementor-container elementor-column-gap-default\">\n\t\t\t\t\t<div class=\"elementor-column elementor-col-100 elementor-top-column elementor-element elementor-element-eb07be4\" data-id=\"eb07be4\" data-element_type=\"column\" data-e-type=\"column\">\n\t\t\t<div class=\"elementor-widget-wrap elementor-element-populated\">\n\t\t\t\t\t\t<div class=\"elementor-element elementor-element-2bbeb39 elementor-widget elementor-widget-text-editor\" data-id=\"2bbeb39\" data-element_type=\"widget\" data-e-type=\"widget\" data-widget_type=\"text-editor.default\">\n\t\t\t\t\t\t\t\t\t<p>Hem preparat una selecci\u00f3 d&#8217;articles t\u00e8cnics publicats a mitjans especialitzats, perqu\u00e8 puguin consultar-los en aquesta secci\u00f3 de la nostra web sempre que ho desitgin.<\/p>\n\t\t\t\t\t\t\t\t<\/div>\n\t\t\t\t\t<\/div>\n\t\t<\/div>\n\t\t\t\t\t<\/div>\n\t\t<\/section>\n\t\t\t\t<section class=\"elementor-section elementor-top-section elementor-element elementor-element-d44ba76 elementor-section-boxed elementor-section-height-default elementor-section-height-default\" data-id=\"d44ba76\" data-element_type=\"section\" data-e-type=\"section\" data-settings=\"{&quot;jet_parallax_layout_list&quot;:[]}\">\n\t\t\t\t\t\t<div class=\"elementor-container elementor-column-gap-default\">\n\t\t\t\t\t<div class=\"elementor-column elementor-col-100 elementor-top-column elementor-element elementor-element-fe778f2\" data-id=\"fe778f2\" data-element_type=\"column\" data-e-type=\"column\">\n\t\t\t<div class=\"elementor-widget-wrap elementor-element-populated\">\n\t\t\t\t\t\t<div class=\"elementor-element elementor-element-561d414 elementor-widget elementor-widget-raven-posts\" data-id=\"561d414\" data-element_type=\"widget\" data-e-type=\"widget\" data-settings=\"{&quot;classic_show_pagination&quot;:&quot;yes&quot;,&quot;_skin&quot;:&quot;classic&quot;,&quot;classic_layout&quot;:&quot;grid&quot;,&quot;classic_columns&quot;:&quot;3&quot;,&quot;classic_columns_tablet&quot;:&quot;2&quot;,&quot;classic_columns_mobile&quot;:&quot;1&quot;,&quot;query_posts_per_page&quot;:6,&quot;classic_pagination_type&quot;:&quot;page_based&quot;,&quot;query_offset&quot;:0}\" data-widget_type=\"raven-posts.classic\">\n\t\t\t\t<div class=\"elementor-widget-container\">\n\t\t\t\t\t\t\t<div class=\"raven-posts raven-grid raven-grid-3 raven-grid-mobile-1 raven-grid-tablet-2\" data-post-id=\"12065\" data-archive-query=\"\" data-lang=\"\">\n\t\t\t\t<div class=\"raven-grid-item raven-post-item post-13906 post type-post status-publish format-standard has-post-thumbnail hentry category-articles-tecnics tag-enomaq-ca-2 tag-oenobiote-ca\">\n\t\t\t<div class=\"raven-post\">\n\t\t\t\t\t\t<div class=\"raven-post-image-wrap\">\n\t\t\t<a class=\"raven-post-image raven-image-fit\" href=\"https:\/\/t-d-i.es\/ca\/oenobiote-la-plataforma-danalisi-microbiologica-precisa-i-rapida\/\"><img fetchpriority=\"high\" decoding=\"async\" width=\"1024\" height=\"576\" src=\"https:\/\/t-d-i.es\/wp-content\/uploads\/2025\/03\/oenobiote-1024x576.png\" class=\"attachment-large size-large wp-image-13849\" alt=\"Plataforma OENOBIOTE\" srcset=\"https:\/\/t-d-i.es\/wp-content\/uploads\/2025\/03\/oenobiote-1024x576.png 1024w, https:\/\/t-d-i.es\/wp-content\/uploads\/2025\/03\/oenobiote-300x169.png 300w, https:\/\/t-d-i.es\/wp-content\/uploads\/2025\/03\/oenobiote-768x432.png 768w, https:\/\/t-d-i.es\/wp-content\/uploads\/2025\/03\/oenobiote-1536x864.png 1536w, https:\/\/t-d-i.es\/wp-content\/uploads\/2025\/03\/oenobiote.png 1920w\" sizes=\"(max-width: 1024px) 100vw, 1024px\" \/> <span class=\"raven-post-image-overlay\"><\/span><\/a>\t\t<\/div>\n\t\t\t\t\t\t<div class=\"raven-post-content\">\n\t\t\t\t\t<h3 class=\"raven-post-title\"><a class=\"raven-post-title-link\" href=\"https:\/\/t-d-i.es\/ca\/oenobiote-la-plataforma-danalisi-microbiologica-precisa-i-rapida\/\">OENOBIOTE, la plataforma d&#8217;an\u00e0lisi microbiol\u00f2gica precisa i r\u00e0pida<\/a><\/h3>\t\t<div class=\"raven-post-meta\"><span class=\"raven-post-meta-item raven-post-categories\"><a href=\"https:\/\/t-d-i.es\/ca\/category\/articles-tecnics\/\" rel=\"tag\">Articles t\u00e8cnics<\/a><\/span><\/div>\n\t\t\t\t<div class=\"raven-post-read-more\">\n\t\t\t<a class=\"raven-post-button\" href=\"https:\/\/t-d-i.es\/ca\/oenobiote-la-plataforma-danalisi-microbiologica-precisa-i-rapida\/\"><span class=\"raven-post-button-text\">Leer el art\u00edculo<\/span><\/a>\n\t\t<\/div>\n\t\t\t\t\t\t<\/div>\n\t\t\t<\/div>\n\t\t<\/div>\n\t\t\t\t<div class=\"raven-grid-item raven-post-item post-13487 post type-post status-publish format-standard has-post-thumbnail hentry category-articles-tecnics\">\n\t\t\t<div class=\"raven-post\">\n\t\t\t\t\t\t<div class=\"raven-post-image-wrap\">\n\t\t\t<a class=\"raven-post-image raven-image-fit\" href=\"https:\/\/t-d-i.es\/ca\/a-30-anys-del-primer-analitzador-quimic-sequencial\/\"><img decoding=\"async\" width=\"1024\" height=\"456\" src=\"https:\/\/t-d-i.es\/wp-content\/uploads\/2024\/04\/VPI-web-1024x456.webp\" class=\"attachment-large size-large wp-image-13476\" alt=\"VPI\" srcset=\"https:\/\/t-d-i.es\/wp-content\/uploads\/2024\/04\/VPI-web-1024x456.webp 1024w, https:\/\/t-d-i.es\/wp-content\/uploads\/2024\/04\/VPI-web-300x134.webp 300w, https:\/\/t-d-i.es\/wp-content\/uploads\/2024\/04\/VPI-web-768x342.webp 768w, https:\/\/t-d-i.es\/wp-content\/uploads\/2024\/04\/VPI-web.webp 1448w\" sizes=\"(max-width: 1024px) 100vw, 1024px\" \/> <span class=\"raven-post-image-overlay\"><\/span><\/a>\t\t<\/div>\n\t\t\t\t\t\t<div class=\"raven-post-content\">\n\t\t\t\t\t<h3 class=\"raven-post-title\"><a class=\"raven-post-title-link\" href=\"https:\/\/t-d-i.es\/ca\/a-30-anys-del-primer-analitzador-quimic-sequencial\/\">A 30 Anys del Primer Analitzador Qu\u00edmic Seq\u00fcencial<\/a><\/h3>\t\t<div class=\"raven-post-meta\"><span class=\"raven-post-meta-item raven-post-categories\"><a href=\"https:\/\/t-d-i.es\/ca\/category\/articles-tecnics\/\" rel=\"tag\">Articles t\u00e8cnics<\/a><\/span><\/div>\n\t\t\t\t<div class=\"raven-post-read-more\">\n\t\t\t<a class=\"raven-post-button\" href=\"https:\/\/t-d-i.es\/ca\/a-30-anys-del-primer-analitzador-quimic-sequencial\/\"><span class=\"raven-post-button-text\">Leer el art\u00edculo<\/span><\/a>\n\t\t<\/div>\n\t\t\t\t\t\t<\/div>\n\t\t\t<\/div>\n\t\t<\/div>\n\t\t\t\t<div class=\"raven-grid-item raven-post-item post-13302 post type-post status-publish format-standard has-post-thumbnail hentry category-articles-tecnics\">\n\t\t\t<div class=\"raven-post\">\n\t\t\t\t\t\t<div class=\"raven-post-image-wrap\">\n\t\t\t<a class=\"raven-post-image raven-image-fit\" href=\"https:\/\/t-d-i.es\/ca\/determinacio-de-lalcohol-en-vi-i-altres-begudes-alcoholiques-derivades\/\"><img decoding=\"async\" width=\"1024\" height=\"683\" src=\"https:\/\/t-d-i.es\/wp-content\/uploads\/2022\/11\/ebullometro-1024x683.png\" class=\"attachment-large size-large wp-image-10913\" alt=\"Foto del producto Ebull\u00f3metro de TDI\" srcset=\"https:\/\/t-d-i.es\/wp-content\/uploads\/2022\/11\/ebullometro-1024x683.png 1024w, https:\/\/t-d-i.es\/wp-content\/uploads\/2022\/11\/ebullometro-300x200.png 300w, https:\/\/t-d-i.es\/wp-content\/uploads\/2022\/11\/ebullometro-768x512.png 768w, https:\/\/t-d-i.es\/wp-content\/uploads\/2022\/11\/ebullometro-1536x1024.png 1536w, https:\/\/t-d-i.es\/wp-content\/uploads\/2022\/11\/ebullometro.png 1920w\" sizes=\"(max-width: 1024px) 100vw, 1024px\" \/> <span class=\"raven-post-image-overlay\"><\/span><\/a>\t\t<\/div>\n\t\t\t\t\t\t<div class=\"raven-post-content\">\n\t\t\t\t\t<h3 class=\"raven-post-title\"><a class=\"raven-post-title-link\" href=\"https:\/\/t-d-i.es\/ca\/determinacio-de-lalcohol-en-vi-i-altres-begudes-alcoholiques-derivades\/\">Determinaci\u00f3 de lalcohol en vi i altres begudes alcoh\u00f2liques derivades<\/a><\/h3>\t\t<div class=\"raven-post-meta\"><span class=\"raven-post-meta-item raven-post-categories\"><a href=\"https:\/\/t-d-i.es\/ca\/category\/articles-tecnics\/\" rel=\"tag\">Articles t\u00e8cnics<\/a><\/span><\/div>\n\t\t\t\t<div class=\"raven-post-read-more\">\n\t\t\t<a class=\"raven-post-button\" href=\"https:\/\/t-d-i.es\/ca\/determinacio-de-lalcohol-en-vi-i-altres-begudes-alcoholiques-derivades\/\"><span class=\"raven-post-button-text\">Leer el art\u00edculo<\/span><\/a>\n\t\t<\/div>\n\t\t\t\t\t\t<\/div>\n\t\t\t<\/div>\n\t\t<\/div>\n\t\t\t\t<div class=\"raven-grid-item raven-post-item post-12094 post type-post status-publish format-standard has-post-thumbnail hentry category-articles-tecnics\">\n\t\t\t<div class=\"raven-post\">\n\t\t\t\t\t\t<div class=\"raven-post-image-wrap\">\n\t\t\t<a class=\"raven-post-image raven-image-fit\" href=\"https:\/\/t-d-i.es\/ca\/automatitzacio-al-laboratori-enologic\/\"><img loading=\"lazy\" decoding=\"async\" width=\"1024\" height=\"637\" src=\"https:\/\/t-d-i.es\/wp-content\/uploads\/2023\/05\/bacchus-3-multispec-automatic-automatizacion-1024x637.png\" class=\"attachment-large size-large wp-image-11949\" alt=\"Bacchus 3 Multispec automatico para art\u00edculo t\u00e9cnico\" srcset=\"https:\/\/t-d-i.es\/wp-content\/uploads\/2023\/05\/bacchus-3-multispec-automatic-automatizacion-1024x637.png 1024w, https:\/\/t-d-i.es\/wp-content\/uploads\/2023\/05\/bacchus-3-multispec-automatic-automatizacion-300x186.png 300w, https:\/\/t-d-i.es\/wp-content\/uploads\/2023\/05\/bacchus-3-multispec-automatic-automatizacion-768x477.png 768w, https:\/\/t-d-i.es\/wp-content\/uploads\/2023\/05\/bacchus-3-multispec-automatic-automatizacion.png 1118w\" sizes=\"(max-width: 1024px) 100vw, 1024px\" \/> <span class=\"raven-post-image-overlay\"><\/span><\/a>\t\t<\/div>\n\t\t\t\t\t\t<div class=\"raven-post-content\">\n\t\t\t\t\t<h3 class=\"raven-post-title\"><a class=\"raven-post-title-link\" href=\"https:\/\/t-d-i.es\/ca\/automatitzacio-al-laboratori-enologic\/\">Automatitzaci\u00f3 al laboratori enol\u00f2gic<\/a><\/h3>\t\t<div class=\"raven-post-meta\"><span class=\"raven-post-meta-item raven-post-categories\"><a href=\"https:\/\/t-d-i.es\/ca\/category\/articles-tecnics\/\" rel=\"tag\">Articles t\u00e8cnics<\/a><\/span><\/div>\n\t\t\t\t<div class=\"raven-post-read-more\">\n\t\t\t<a class=\"raven-post-button\" href=\"https:\/\/t-d-i.es\/ca\/automatitzacio-al-laboratori-enologic\/\"><span class=\"raven-post-button-text\">Leer el art\u00edculo<\/span><\/a>\n\t\t<\/div>\n\t\t\t\t\t\t<\/div>\n\t\t\t<\/div>\n\t\t<\/div>\n\t\t\t\t<div class=\"raven-grid-item raven-post-item post-12092 post type-post status-publish format-standard has-post-thumbnail hentry category-articles-tecnics\">\n\t\t\t<div class=\"raven-post\">\n\t\t\t\t\t\t<div class=\"raven-post-image-wrap\">\n\t\t\t<a class=\"raven-post-image raven-image-fit\" href=\"https:\/\/t-d-i.es\/ca\/que-es-un-analitzador-quimic-automatic-2\/\"><img loading=\"lazy\" decoding=\"async\" width=\"850\" height=\"425\" src=\"https:\/\/t-d-i.es\/wp-content\/uploads\/2023\/05\/ojos-que-lo-observan-todo.jpg\" class=\"attachment-large size-large wp-image-11932\" alt=\"Analizador qu\u00edmico autom\u00e1tico:\" srcset=\"https:\/\/t-d-i.es\/wp-content\/uploads\/2023\/05\/ojos-que-lo-observan-todo.jpg 850w, https:\/\/t-d-i.es\/wp-content\/uploads\/2023\/05\/ojos-que-lo-observan-todo-300x150.jpg 300w, https:\/\/t-d-i.es\/wp-content\/uploads\/2023\/05\/ojos-que-lo-observan-todo-768x384.jpg 768w\" sizes=\"(max-width: 850px) 100vw, 850px\" \/> <span class=\"raven-post-image-overlay\"><\/span><\/a>\t\t<\/div>\n\t\t\t\t\t\t<div class=\"raven-post-content\">\n\t\t\t\t\t<h3 class=\"raven-post-title\"><a class=\"raven-post-title-link\" href=\"https:\/\/t-d-i.es\/ca\/que-es-un-analitzador-quimic-automatic-2\/\">Qu\u00e8 \u00e9s un analitzador qu\u00edmic autom\u00e0tic?<\/a><\/h3>\t\t<div class=\"raven-post-meta\"><span class=\"raven-post-meta-item raven-post-categories\"><a href=\"https:\/\/t-d-i.es\/ca\/category\/articles-tecnics\/\" rel=\"tag\">Articles t\u00e8cnics<\/a><\/span><\/div>\n\t\t\t\t<div class=\"raven-post-read-more\">\n\t\t\t<a class=\"raven-post-button\" href=\"https:\/\/t-d-i.es\/ca\/que-es-un-analitzador-quimic-automatic-2\/\"><span class=\"raven-post-button-text\">Leer el art\u00edculo<\/span><\/a>\n\t\t<\/div>\n\t\t\t\t\t\t<\/div>\n\t\t\t<\/div>\n\t\t<\/div>\n\t\t\t\t<div class=\"raven-grid-item raven-post-item post-12084 post type-post status-publish format-standard has-post-thumbnail hentry category-articles-tecnics\">\n\t\t\t<div class=\"raven-post\">\n\t\t\t\t\t\t<div class=\"raven-post-image-wrap\">\n\t\t\t<a class=\"raven-post-image raven-image-fit\" href=\"https:\/\/t-d-i.es\/ca\/metodes-quimics-automatitzats-per-al-control-de-qualitat-en-la-produccio-de-vi\/\"><img loading=\"lazy\" decoding=\"async\" width=\"1024\" height=\"461\" src=\"https:\/\/t-d-i.es\/wp-content\/uploads\/2023\/05\/personal-laboratorio-1024x461.jpg\" class=\"attachment-large size-large wp-image-11891\" alt=\"Vista del Laboratorio de TDI donde se producen y controlan los reactivos qu\u00edmicos bajo un sistema de calidad certificado.\" srcset=\"https:\/\/t-d-i.es\/wp-content\/uploads\/2023\/05\/personal-laboratorio-1024x461.jpg 1024w, https:\/\/t-d-i.es\/wp-content\/uploads\/2023\/05\/personal-laboratorio-300x135.jpg 300w, https:\/\/t-d-i.es\/wp-content\/uploads\/2023\/05\/personal-laboratorio-768x345.jpg 768w, https:\/\/t-d-i.es\/wp-content\/uploads\/2023\/05\/personal-laboratorio.jpg 1392w\" sizes=\"(max-width: 1024px) 100vw, 1024px\" \/> <span class=\"raven-post-image-overlay\"><\/span><\/a>\t\t<\/div>\n\t\t\t\t\t\t<div class=\"raven-post-content\">\n\t\t\t\t\t<h3 class=\"raven-post-title\"><a class=\"raven-post-title-link\" href=\"https:\/\/t-d-i.es\/ca\/metodes-quimics-automatitzats-per-al-control-de-qualitat-en-la-produccio-de-vi\/\">M\u00e8todes qu\u00edmics automatitzats per al control de qualitat en la producci\u00f3 de vi<\/a><\/h3>\t\t<div class=\"raven-post-meta\"><span class=\"raven-post-meta-item raven-post-categories\"><a href=\"https:\/\/t-d-i.es\/ca\/category\/articles-tecnics\/\" rel=\"tag\">Articles t\u00e8cnics<\/a><\/span><\/div>\n\t\t\t\t<div class=\"raven-post-read-more\">\n\t\t\t<a class=\"raven-post-button\" href=\"https:\/\/t-d-i.es\/ca\/metodes-quimics-automatitzats-per-al-control-de-qualitat-en-la-produccio-de-vi\/\"><span class=\"raven-post-button-text\">Leer el art\u00edculo<\/span><\/a>\n\t\t<\/div>\n\t\t\t\t\t\t<\/div>\n\t\t\t<\/div>\n\t\t<\/div>\n\t\t\t\t<\/div>\n\t\t\t\t<div class=\"raven-pagination\" data-settings=\"{&quot;posts_per_page&quot;:6,&quot;total_pages&quot;:3,&quot;pages_visible&quot;:7}\">\n\t\t\t<div class=\"raven-pagination-items\">\n\t\t\t\t<a class=\"raven-pagination-prev raven-pagination-item raven-pagination-disabled\" href=\"#\">&laquo; Anterior<\/a><a class=\"raven-pagination-num raven-pagination-item raven-pagination-active\" href=\"#\" data-page-num=\"1\">1<\/a><a class=\"raven-pagination-num raven-pagination-item\" href=\"#\" data-page-num=\"2\">2<\/a><a class=\"raven-pagination-num raven-pagination-item\" href=\"#\" data-page-num=\"3\">3<\/a><a class=\"raven-pagination-next raven-pagination-item\" href=\"#\">Siguiente &raquo;<\/a>\t\t\t<\/div>\n\t\t<\/div>\n\t\t\t\t\t\t<\/div>\n\t\t\t\t<\/div>\n\t\t\t\t\t<\/div>\n\t\t<\/div>\n\t\t\t\t\t<\/div>\n\t\t<\/section>\n\t\t\t\t<\/div>\n\t\t","protected":false},"excerpt":{"rendered":"<p>ARTICLES T\u00c8CNICS Hem preparat una selecci\u00f3 d&#8217;articles t\u00e8cnics publicats a mitjans especialitzats, perqu\u00e8 puguin consultar-los en aquesta secci\u00f3 de la nostra web sempre que ho desitgin. Automatizaci\u00f3n en el laboratorio enol\u00f3gico Art\u00edculos t\u00e9cnicos Leer el art\u00edculo \u00bfQu\u00e9 es un analizador qu\u00edmico autom\u00e1tico? Art\u00edculos t\u00e9cnicos Leer el art\u00edculo M\u00e9todos qu\u00edmicos automatizados para el control de calidad [&hellip;]<\/p>\n","protected":false},"author":1,"featured_media":0,"parent":0,"menu_order":0,"comment_status":"closed","ping_status":"closed","template":"","meta":{"_acf_changed":false,"footnotes":""},"class_list":["post-12065","page","type-page","status-publish","hentry"],"acf":[],"_links":{"self":[{"href":"https:\/\/t-d-i.es\/ca\/wp-json\/wp\/v2\/pages\/12065","targetHints":{"allow":["GET"]}}],"collection":[{"href":"https:\/\/t-d-i.es\/ca\/wp-json\/wp\/v2\/pages"}],"about":[{"href":"https:\/\/t-d-i.es\/ca\/wp-json\/wp\/v2\/types\/page"}],"author":[{"embeddable":true,"href":"https:\/\/t-d-i.es\/ca\/wp-json\/wp\/v2\/users\/1"}],"replies":[{"embeddable":true,"href":"https:\/\/t-d-i.es\/ca\/wp-json\/wp\/v2\/comments?post=12065"}],"version-history":[{"count":1,"href":"https:\/\/t-d-i.es\/ca\/wp-json\/wp\/v2\/pages\/12065\/revisions"}],"predecessor-version":[{"id":12069,"href":"https:\/\/t-d-i.es\/ca\/wp-json\/wp\/v2\/pages\/12065\/revisions\/12069"}],"wp:attachment":[{"href":"https:\/\/t-d-i.es\/ca\/wp-json\/wp\/v2\/media?parent=12065"}],"curies":[{"name":"wp","href":"https:\/\/api.w.org\/{rel}","templated":true}]}}