{"id":8950,"date":"2021-11-26T10:07:27","date_gmt":"2021-11-26T10:07:27","guid":{"rendered":"http:\/\/t-d-i.es\/sistema-integrat-de-gestio\/"},"modified":"2023-01-23T17:00:48","modified_gmt":"2023-01-23T17:00:48","slug":"sistema-integrat-de-gestio","status":"publish","type":"page","link":"https:\/\/t-d-i.es\/ca\/sistema-integrat-de-gestio\/","title":{"rendered":"SISTEMA INTEGRAT DE GESTI\u00d3"},"content":{"rendered":"\t\t<div data-elementor-type=\"wp-page\" data-elementor-id=\"8950\" class=\"elementor elementor-8950 elementor-1493\">\n\t\t\t\t\t\t<section class=\"elementor-section elementor-top-section elementor-element elementor-element-1819d910 elementor-section-full_width elementor-section-height-default elementor-section-height-default\" data-id=\"1819d910\" data-element_type=\"section\" data-e-type=\"section\" data-settings=\"{&quot;jet_parallax_layout_list&quot;:[{&quot;jet_parallax_layout_image&quot;:{&quot;url&quot;:&quot;&quot;,&quot;id&quot;:&quot;&quot;,&quot;size&quot;:&quot;&quot;},&quot;_id&quot;:&quot;378ca1d&quot;,&quot;jet_parallax_layout_speed&quot;:{&quot;unit&quot;:&quot;%&quot;,&quot;size&quot;:&quot;50&quot;,&quot;sizes&quot;:[]},&quot;jet_parallax_layout_bg_x&quot;:&quot;50&quot;,&quot;jet_parallax_layout_bg_y&quot;:&quot;50&quot;,&quot;jet_parallax_layout_image_tablet&quot;:{&quot;url&quot;:&quot;&quot;,&quot;id&quot;:&quot;&quot;,&quot;size&quot;:&quot;&quot;},&quot;jet_parallax_layout_image_mobile&quot;:{&quot;url&quot;:&quot;&quot;,&quot;id&quot;:&quot;&quot;,&quot;size&quot;:&quot;&quot;},&quot;jet_parallax_layout_type&quot;:&quot;scroll&quot;,&quot;jet_parallax_layout_direction&quot;:&quot;1&quot;,&quot;jet_parallax_layout_fx_direction&quot;:null,&quot;jet_parallax_layout_z_index&quot;:&quot;&quot;,&quot;jet_parallax_layout_bg_x_tablet&quot;:&quot;&quot;,&quot;jet_parallax_layout_bg_x_mobile&quot;:&quot;&quot;,&quot;jet_parallax_layout_bg_y_tablet&quot;:&quot;&quot;,&quot;jet_parallax_layout_bg_y_mobile&quot;:&quot;&quot;,&quot;jet_parallax_layout_bg_size&quot;:&quot;auto&quot;,&quot;jet_parallax_layout_bg_size_tablet&quot;:&quot;&quot;,&quot;jet_parallax_layout_bg_size_mobile&quot;:&quot;&quot;,&quot;jet_parallax_layout_animation_prop&quot;:&quot;transform&quot;,&quot;jet_parallax_layout_on&quot;:[&quot;desktop&quot;,&quot;tablet&quot;]}],&quot;background_background&quot;:&quot;classic&quot;}\">\n\t\t\t\t\t\t\t<div class=\"elementor-background-overlay\"><\/div>\n\t\t\t\t\t\t\t<div class=\"elementor-container elementor-column-gap-default\">\n\t\t\t\t\t<div class=\"elementor-column elementor-col-100 elementor-top-column elementor-element elementor-element-5d171f61\" data-id=\"5d171f61\" data-element_type=\"column\" data-e-type=\"column\">\n\t\t\t<div class=\"elementor-widget-wrap elementor-element-populated\">\n\t\t\t\t\t\t<div class=\"elementor-element elementor-element-7819d670 elementor-widget elementor-widget-spacer\" data-id=\"7819d670\" data-element_type=\"widget\" data-e-type=\"widget\" data-widget_type=\"spacer.default\">\n\t\t\t\t\t\t\t<div class=\"elementor-spacer\">\n\t\t\t<div class=\"elementor-spacer-inner\"><\/div>\n\t\t<\/div>\n\t\t\t\t\t\t<\/div>\n\t\t\t\t<div class=\"elementor-element elementor-element-11f1a52d elementor-widget elementor-widget-heading\" data-id=\"11f1a52d\" data-element_type=\"widget\" data-e-type=\"widget\" data-widget_type=\"heading.default\">\n\t\t\t\t\t<h3 class=\"elementor-heading-title elementor-size-default\">Empresa certificada<br>Sistema de gesti\u00f3 ISO 9001<\/h3>\t\t\t\t<\/div>\n\t\t\t\t<div class=\"elementor-element elementor-element-509c9db7 elementor-align-center elementor-widget elementor-widget-button\" data-id=\"509c9db7\" data-element_type=\"widget\" data-e-type=\"widget\" data-widget_type=\"button.default\">\n\t\t\t\t\t\t\t\t\t\t<a class=\"elementor-button elementor-button-link elementor-size-sm\" href=\"#abaix\">\n\t\t\t\t\t\t<span class=\"elementor-button-content-wrapper\">\n\t\t\t\t\t\t\t\t\t<span class=\"elementor-button-text\">SISTEMA INTEGRAT DE GESTI\u00d3<\/span>\n\t\t\t\t\t<\/span>\n\t\t\t\t\t<\/a>\n\t\t\t\t\t\t\t\t<\/div>\n\t\t\t\t<div class=\"elementor-element elementor-element-36146a69 elementor-widget elementor-widget-menu-anchor\" data-id=\"36146a69\" data-element_type=\"widget\" data-e-type=\"widget\" data-widget_type=\"menu-anchor.default\">\n\t\t\t\t\t\t\t<div class=\"elementor-menu-anchor\" id=\"abaix\"><\/div>\n\t\t\t\t\t\t<\/div>\n\t\t\t\t<div class=\"elementor-element elementor-element-33e00a70 elementor-widget elementor-widget-spacer\" data-id=\"33e00a70\" data-element_type=\"widget\" data-e-type=\"widget\" data-widget_type=\"spacer.default\">\n\t\t\t\t\t\t\t<div class=\"elementor-spacer\">\n\t\t\t<div class=\"elementor-spacer-inner\"><\/div>\n\t\t<\/div>\n\t\t\t\t\t\t<\/div>\n\t\t\t\t\t<\/div>\n\t\t<\/div>\n\t\t\t\t\t<\/div>\n\t\t<\/section>\n\t\t\t\t<section class=\"elementor-section elementor-top-section elementor-element elementor-element-156ac1bf elementor-section-boxed elementor-section-height-default elementor-section-height-default\" data-id=\"156ac1bf\" data-element_type=\"section\" data-e-type=\"section\" data-settings=\"{&quot;jet_parallax_layout_list&quot;:[{&quot;jet_parallax_layout_image&quot;:{&quot;url&quot;:&quot;&quot;,&quot;id&quot;:&quot;&quot;,&quot;size&quot;:&quot;&quot;},&quot;_id&quot;:&quot;9231478&quot;,&quot;jet_parallax_layout_speed&quot;:{&quot;unit&quot;:&quot;%&quot;,&quot;size&quot;:&quot;50&quot;,&quot;sizes&quot;:[]},&quot;jet_parallax_layout_bg_x&quot;:&quot;50&quot;,&quot;jet_parallax_layout_bg_y&quot;:&quot;50&quot;,&quot;jet_parallax_layout_image_tablet&quot;:{&quot;url&quot;:&quot;&quot;,&quot;id&quot;:&quot;&quot;,&quot;size&quot;:&quot;&quot;},&quot;jet_parallax_layout_image_mobile&quot;:{&quot;url&quot;:&quot;&quot;,&quot;id&quot;:&quot;&quot;,&quot;size&quot;:&quot;&quot;},&quot;jet_parallax_layout_type&quot;:&quot;scroll&quot;,&quot;jet_parallax_layout_direction&quot;:&quot;1&quot;,&quot;jet_parallax_layout_fx_direction&quot;:null,&quot;jet_parallax_layout_z_index&quot;:&quot;&quot;,&quot;jet_parallax_layout_bg_x_tablet&quot;:&quot;&quot;,&quot;jet_parallax_layout_bg_x_mobile&quot;:&quot;&quot;,&quot;jet_parallax_layout_bg_y_tablet&quot;:&quot;&quot;,&quot;jet_parallax_layout_bg_y_mobile&quot;:&quot;&quot;,&quot;jet_parallax_layout_bg_size&quot;:&quot;auto&quot;,&quot;jet_parallax_layout_bg_size_tablet&quot;:&quot;&quot;,&quot;jet_parallax_layout_bg_size_mobile&quot;:&quot;&quot;,&quot;jet_parallax_layout_animation_prop&quot;:&quot;transform&quot;,&quot;jet_parallax_layout_on&quot;:[&quot;desktop&quot;,&quot;tablet&quot;]}],&quot;background_background&quot;:&quot;classic&quot;}\">\n\t\t\t\t\t\t<div class=\"elementor-container elementor-column-gap-default\">\n\t\t\t\t\t<div class=\"elementor-column elementor-col-50 elementor-top-column elementor-element elementor-element-3bf6872b\" data-id=\"3bf6872b\" data-element_type=\"column\" data-e-type=\"column\">\n\t\t\t<div class=\"elementor-widget-wrap elementor-element-populated\">\n\t\t\t\t\t\t<div class=\"elementor-element elementor-element-2f0b3951 animated-slow elementor-invisible elementor-widget elementor-widget-heading\" data-id=\"2f0b3951\" data-element_type=\"widget\" data-e-type=\"widget\" data-settings=\"{&quot;_animation&quot;:&quot;fadeIn&quot;}\" data-widget_type=\"heading.default\">\n\t\t\t\t\t<h1 class=\"elementor-heading-title elementor-size-default\">SISTEMA INTEGRAT DE GESTI\u00d3<\/h1>\t\t\t\t<\/div>\n\t\t\t\t\t<\/div>\n\t\t<\/div>\n\t\t\t\t<div class=\"elementor-column elementor-col-50 elementor-top-column elementor-element elementor-element-525da7fc\" data-id=\"525da7fc\" data-element_type=\"column\" data-e-type=\"column\">\n\t\t\t<div class=\"elementor-widget-wrap elementor-element-populated\">\n\t\t\t\t\t\t<div class=\"elementor-element elementor-element-486b854d elementor-position-inline-end elementor-view-default elementor-mobile-position-block-start elementor-invisible elementor-widget elementor-widget-icon-box\" data-id=\"486b854d\" data-element_type=\"widget\" data-e-type=\"widget\" data-settings=\"{&quot;_animation&quot;:&quot;fadeIn&quot;}\" data-widget_type=\"icon-box.default\">\n\t\t\t\t\t\t\t<div class=\"elementor-icon-box-wrapper\">\n\n\t\t\t\t\t\t<div class=\"elementor-icon-box-icon\">\n\t\t\t\t<a href=\"http:\/\/t-d-i.es\/wp-content\/uploads\/2021\/10\/PoliticaDeCalidadV05.pdf\" target=\"_blank\" class=\"elementor-icon\" tabindex=\"-1\" aria-label=\"&lt;p style=&quot;margin-top: 0px;&quot;&gt;DESCARREGAR PDF&lt;\/p&gt;\">\n\t\t\t\t<svg aria-hidden=\"true\" class=\"e-font-icon-svg e-far-file-pdf\" viewBox=\"0 0 384 512\" xmlns=\"http:\/\/www.w3.org\/2000\/svg\"><path d=\"M369.9 97.9L286 14C277 5 264.8-.1 252.1-.1H48C21.5 0 0 21.5 0 48v416c0 26.5 21.5 48 48 48h288c26.5 0 48-21.5 48-48V131.9c0-12.7-5.1-25-14.1-34zM332.1 128H256V51.9l76.1 76.1zM48 464V48h160v104c0 13.3 10.7 24 24 24h104v288H48zm250.2-143.7c-12.2-12-47-8.7-64.4-6.5-17.2-10.5-28.7-25-36.8-46.3 3.9-16.1 10.1-40.6 5.4-56-4.2-26.2-37.8-23.6-42.6-5.9-4.4 16.1-.4 38.5 7 67.1-10 23.9-24.9 56-35.4 74.4-20 10.3-47 26.2-51 46.2-3.3 15.8 26 55.2 76.1-31.2 22.4-7.4 46.8-16.5 68.4-20.1 18.9 10.2 41 17 55.8 17 25.5 0 28-28.2 17.5-38.7zm-198.1 77.8c5.1-13.7 24.5-29.5 30.4-35-19 30.3-30.4 35.7-30.4 35zm81.6-190.6c7.4 0 6.7 32.1 1.8 40.8-4.4-13.9-4.3-40.8-1.8-40.8zm-24.4 136.6c9.7-16.9 18-37 24.7-54.7 8.3 15.1 18.9 27.2 30.1 35.5-20.8 4.3-38.9 13.1-54.8 19.2zm131.6-5s-5 6-37.3-7.8c35.1-2.6 40.9 5.4 37.3 7.8z\"><\/path><\/svg>\t\t\t\t<\/a>\n\t\t\t<\/div>\n\t\t\t\n\t\t\t\t\t\t<div class=\"elementor-icon-box-content\">\n\n\t\t\t\t\t\t\t\t\t<h4 class=\"elementor-icon-box-title\">\n\t\t\t\t\t\t<a href=\"http:\/\/t-d-i.es\/wp-content\/uploads\/2021\/10\/PoliticaDeCalidadV05.pdf\" target=\"_blank\" >\n\t\t\t\t\t\t\t<p style=\"margin-top: 0px\">DESCARREGAR PDF<\/p>\t\t\t\t\t\t<\/a>\n\t\t\t\t\t<\/h4>\n\t\t\t\t\n\t\t\t\t\n\t\t\t<\/div>\n\t\t\t\n\t\t<\/div>\n\t\t\t\t\t\t<\/div>\n\t\t\t\t\t<\/div>\n\t\t<\/div>\n\t\t\t\t\t<\/div>\n\t\t<\/section>\n\t\t\t\t<section class=\"elementor-section elementor-top-section elementor-element elementor-element-241e9d5b elementor-section-boxed elementor-section-height-default elementor-section-height-default\" data-id=\"241e9d5b\" data-element_type=\"section\" data-e-type=\"section\" data-settings=\"{&quot;jet_parallax_layout_list&quot;:[{&quot;jet_parallax_layout_image&quot;:{&quot;url&quot;:&quot;&quot;,&quot;id&quot;:&quot;&quot;,&quot;size&quot;:&quot;&quot;},&quot;_id&quot;:&quot;9231478&quot;,&quot;jet_parallax_layout_speed&quot;:{&quot;unit&quot;:&quot;%&quot;,&quot;size&quot;:&quot;50&quot;,&quot;sizes&quot;:[]},&quot;jet_parallax_layout_bg_x&quot;:&quot;50&quot;,&quot;jet_parallax_layout_bg_y&quot;:&quot;50&quot;,&quot;jet_parallax_layout_image_tablet&quot;:{&quot;url&quot;:&quot;&quot;,&quot;id&quot;:&quot;&quot;,&quot;size&quot;:&quot;&quot;},&quot;jet_parallax_layout_image_mobile&quot;:{&quot;url&quot;:&quot;&quot;,&quot;id&quot;:&quot;&quot;,&quot;size&quot;:&quot;&quot;},&quot;jet_parallax_layout_type&quot;:&quot;scroll&quot;,&quot;jet_parallax_layout_direction&quot;:&quot;1&quot;,&quot;jet_parallax_layout_fx_direction&quot;:null,&quot;jet_parallax_layout_z_index&quot;:&quot;&quot;,&quot;jet_parallax_layout_bg_x_tablet&quot;:&quot;&quot;,&quot;jet_parallax_layout_bg_x_mobile&quot;:&quot;&quot;,&quot;jet_parallax_layout_bg_y_tablet&quot;:&quot;&quot;,&quot;jet_parallax_layout_bg_y_mobile&quot;:&quot;&quot;,&quot;jet_parallax_layout_bg_size&quot;:&quot;auto&quot;,&quot;jet_parallax_layout_bg_size_tablet&quot;:&quot;&quot;,&quot;jet_parallax_layout_bg_size_mobile&quot;:&quot;&quot;,&quot;jet_parallax_layout_animation_prop&quot;:&quot;transform&quot;,&quot;jet_parallax_layout_on&quot;:[&quot;desktop&quot;,&quot;tablet&quot;]}],&quot;background_background&quot;:&quot;classic&quot;}\">\n\t\t\t\t\t\t<div class=\"elementor-container elementor-column-gap-default\">\n\t\t\t\t\t<div class=\"elementor-column elementor-col-50 elementor-top-column elementor-element elementor-element-2dd532af elementor-invisible\" data-id=\"2dd532af\" data-element_type=\"column\" data-e-type=\"column\" data-settings=\"{&quot;animation&quot;:&quot;fadeIn&quot;}\">\n\t\t\t<div class=\"elementor-widget-wrap elementor-element-populated\">\n\t\t\t\t\t\t<div class=\"elementor-element elementor-element-717ab07d elementor-widget elementor-widget-text-editor\" data-id=\"717ab07d\" data-element_type=\"widget\" data-e-type=\"widget\" data-settings=\"{&quot;_animation&quot;:&quot;none&quot;}\" data-widget_type=\"text-editor.default\">\n\t\t\t\t\t\t\t\t\t<p>La Direccio\u0301 de <strong>Tecnologi\u0301a Difusio\u0301n Ibe\u0301rica, S.L.<\/strong> es compromet a establir, implantar i mantenir actualitzada una Poli\u0301tica de Qualitat i Medi ambient que doni suport a la nostra gestio\u0301 estrate\u0300gica mitjanc\u0327ant el Sistema Integrat de Gestio\u0301 definit segons les normes de refere\u0300ncia ISO 9001:2015 i ISO 14001:2015.<\/p>\n<p>Les activitats que Tecnologi\u0301a Difusio\u0301n Ibe\u0301rica, S.L. considera conformes a la qualitat exigida segons les Normes Internacionals ISO 9001:2015 i ISO 14001:2015, so\u0301n:<\/p>\n<p align=\"left\"><strong>Fabricacio\u0301 i comercialitzacio\u0301 de reactius per l\u2019enologia.<\/strong><br \/><strong>Comercialitzacio\u0301 d\u2019analitzadors per l\u2019enologia. Servei d&#8217;assiste\u0300ncia te\u0300cnica.<\/strong><\/p>\n<p>L\u2019objectiu final e\u0301s:<\/p>\n<div>\n<ul>\n<li>Assolir el compliment dels requisits i expectatives dels nostres clients aixi\u0301 com dels requisits legals i reglamentaris.<\/li>\n<li>Facilitar la millora del nivell de formacio\u0301 necessari per al desenvolupament eficient de les funcions i tasques dels nostres treballadors, directes i indirectes.<\/li>\n<li>Vetllar perque\u0300 les condicions de treball siguin o\u0300ptimes mitjanc\u0327ant l\u2019avaluacio\u0301 dels riscos que poden produir- se en els processos, eliminant en el possible els mateixos i reduint els avaluats.<\/li>\n<li>Treballar constantment en la Millora del Sistema de Gestio\u0301 de Qualitat, per a la millora dels nostres processos.<\/li>\n<li>Fomentar l&#8217;ocupacio\u0301 racional dels recursos naturals i una conscienciacio\u0301 clara d&#8217;afavorir el nostre entorn, no nome\u0301s a trave\u0301s de la nostra tasca, sino\u0301 implicant tambe\u0301 a tots els nostres provei\u0308dors i clients.<\/li>\n<li>Compromi\u0301s per a la proteccio\u0301 del medi ambient, incloent-hi la prevencio\u0301 de la contaminacio\u0301, i l&#8217;u\u0301s sostenible de recursos.<\/li>\n<\/ul>\n<\/div>\n\t\t\t\t\t\t\t\t<\/div>\n\t\t\t\t\t<\/div>\n\t\t<\/div>\n\t\t\t\t<div class=\"elementor-column elementor-col-50 elementor-top-column elementor-element elementor-element-1ce1e994 elementor-invisible\" data-id=\"1ce1e994\" data-element_type=\"column\" data-e-type=\"column\" data-settings=\"{&quot;animation&quot;:&quot;fadeIn&quot;}\">\n\t\t\t<div class=\"elementor-widget-wrap elementor-element-populated\">\n\t\t\t\t\t\t<div class=\"elementor-element elementor-element-3954d4df elementor-widget elementor-widget-image\" data-id=\"3954d4df\" data-element_type=\"widget\" data-e-type=\"widget\" data-settings=\"{&quot;_animation&quot;:&quot;none&quot;}\" data-widget_type=\"image.default\">\n\t\t\t\t\t\t\t\t\t\t\t\t\t\t\t<img fetchpriority=\"high\" decoding=\"async\" width=\"1024\" height=\"683\" src=\"https:\/\/t-d-i.es\/wp-content\/uploads\/2023\/01\/sistema-integrado-de-gestion-1024x683.jpg\" class=\"attachment-large size-large wp-image-11282\" alt=\"Sistema Integrado de Gestio\u0301n de TDI\" srcset=\"https:\/\/t-d-i.es\/wp-content\/uploads\/2023\/01\/sistema-integrado-de-gestion-1024x683.jpg 1024w, https:\/\/t-d-i.es\/wp-content\/uploads\/2023\/01\/sistema-integrado-de-gestion-300x200.jpg 300w, https:\/\/t-d-i.es\/wp-content\/uploads\/2023\/01\/sistema-integrado-de-gestion-768x512.jpg 768w, https:\/\/t-d-i.es\/wp-content\/uploads\/2023\/01\/sistema-integrado-de-gestion-1536x1024.jpg 1536w, https:\/\/t-d-i.es\/wp-content\/uploads\/2023\/01\/sistema-integrado-de-gestion.jpg 1920w\" sizes=\"(max-width: 1024px) 100vw, 1024px\" \/>\t\t\t\t\t\t\t\t\t\t\t\t\t\t\t<\/div>\n\t\t\t\t<div class=\"elementor-element elementor-element-789f9cf2 elementor-widget elementor-widget-text-editor\" data-id=\"789f9cf2\" data-element_type=\"widget\" data-e-type=\"widget\" data-settings=\"{&quot;_animation&quot;:&quot;none&quot;}\" data-widget_type=\"text-editor.default\">\n\t\t\t\t\t\t\t\t\t<div class=\"span6 module_number_2 module_cont module_normal_padding module_html\">\n<div class=\"module_content\">\n<p>Aquesta Poli\u0301tica e\u0301s la base del nostre Sistema Integrat de Gestio\u0301, el qual es desenvolupa establint uns objectius mesurables que es revisen perio\u0300dicament d\u2019acord amb l\u2019establert pel propi Sistema.<\/p>\n<p>A partir de les li\u0301nies estrate\u0300giques definides en l\u2019ana\u0300lisi de context realitzat, s\u2019han definit els objectius de l&#8217;empresa, els quals s\u2019han difo\u0301s a tots els nivells de la nostra estructura.<\/p>\n<p>La Direccio\u0301 estableix els recursos te\u0300cnics, econo\u0300mics i humans necessaris per a aplicar la seva Poli\u0301tica, aquesta es revisa anualment per tal de verificar si e\u0301s l\u2019apropiada per acomplir els objectius establerts i el context i propo\u0300sit de l\u2019organitzacio\u0301.<\/p>\n<p>La Poli\u0301tica del Sistema Integrat de Gestio\u0301 es fa pu\u0301blica per al personal que treballa a la nostra Organitzacio\u0301 i es faciliten els mitjans necessaris perque\u0300 sigui compresa i implantada. De la mateixa manera i dins del nostre proce\u0301s d&#8217;internacionalitzacio\u0301, es troba a disposicio\u0301 de totes les parts interessades.<\/p>\n<p>El suport, tant de l\u2019equip directiu com de tota la plantilla de TDI e\u0301s absolutament necessari per a l\u2019aplicacio\u0301 efectiva d\u2019aquests principis.<\/p>\n<p><strong>TECNOLOGI\u0301A DIFUSIO\u0301N IBE\u0301RICA, S.L.<\/strong><br \/><strong>Jordi Subirana Garci\u0301a,<\/strong> Director Executiu.<\/p>\n<\/div>\n<\/div>\n\t\t\t\t\t\t\t\t<\/div>\n\t\t\t\t\t<\/div>\n\t\t<\/div>\n\t\t\t\t\t<\/div>\n\t\t<\/section>\n\t\t\t\t<\/div>\n\t\t","protected":false},"excerpt":{"rendered":"<p>Empresa certificadaSistema de gesti\u00f3 ISO 9001 SISTEMA INTEGRAT DE GESTI\u00d3 SISTEMA INTEGRAT DE GESTI\u00d3 DESCARREGAR PDF La Direccio\u0301 de Tecnologi\u0301a Difusio\u0301n Ibe\u0301rica, S.L. es compromet a establir, implantar i mantenir actualitzada una Poli\u0301tica de Qualitat i Medi ambient que doni suport a la nostra gestio\u0301 estrate\u0300gica mitjanc\u0327ant el Sistema Integrat de Gestio\u0301 definit segons les [&hellip;]<\/p>\n","protected":false},"author":1,"featured_media":0,"parent":0,"menu_order":0,"comment_status":"closed","ping_status":"closed","template":"full-width.php","meta":{"_acf_changed":false,"footnotes":""},"class_list":["post-8950","page","type-page","status-publish","hentry"],"acf":[],"_links":{"self":[{"href":"https:\/\/t-d-i.es\/ca\/wp-json\/wp\/v2\/pages\/8950","targetHints":{"allow":["GET"]}}],"collection":[{"href":"https:\/\/t-d-i.es\/ca\/wp-json\/wp\/v2\/pages"}],"about":[{"href":"https:\/\/t-d-i.es\/ca\/wp-json\/wp\/v2\/types\/page"}],"author":[{"embeddable":true,"href":"https:\/\/t-d-i.es\/ca\/wp-json\/wp\/v2\/users\/1"}],"replies":[{"embeddable":true,"href":"https:\/\/t-d-i.es\/ca\/wp-json\/wp\/v2\/comments?post=8950"}],"version-history":[{"count":5,"href":"https:\/\/t-d-i.es\/ca\/wp-json\/wp\/v2\/pages\/8950\/revisions"}],"predecessor-version":[{"id":11384,"href":"https:\/\/t-d-i.es\/ca\/wp-json\/wp\/v2\/pages\/8950\/revisions\/11384"}],"wp:attachment":[{"href":"https:\/\/t-d-i.es\/ca\/wp-json\/wp\/v2\/media?parent=8950"}],"curies":[{"name":"wp","href":"https:\/\/api.w.org\/{rel}","templated":true}]}}