{"id":8959,"date":"2021-11-26T11:54:37","date_gmt":"2021-11-26T11:54:37","guid":{"rendered":"http:\/\/t-d-i.es\/politica-de-privacitat\/"},"modified":"2021-12-01T18:24:52","modified_gmt":"2021-12-01T18:24:52","slug":"politica-de-privacitat","status":"publish","type":"page","link":"https:\/\/t-d-i.es\/ca\/politica-de-privacitat\/","title":{"rendered":"POL\u00cdTICA DE PRIVACITAT"},"content":{"rendered":"\t\t<div data-elementor-type=\"wp-page\" data-elementor-id=\"8959\" class=\"elementor elementor-8959 elementor-1552\">\n\t\t\t\t\t\t<section class=\"elementor-section elementor-top-section elementor-element elementor-element-1207d9a9 elementor-section-full_width elementor-section-height-default elementor-section-height-default\" data-id=\"1207d9a9\" data-element_type=\"section\" data-e-type=\"section\" data-settings=\"{&quot;jet_parallax_layout_list&quot;:[{&quot;jet_parallax_layout_image&quot;:{&quot;url&quot;:&quot;&quot;,&quot;id&quot;:&quot;&quot;,&quot;size&quot;:&quot;&quot;},&quot;_id&quot;:&quot;378ca1d&quot;,&quot;jet_parallax_layout_speed&quot;:{&quot;unit&quot;:&quot;%&quot;,&quot;size&quot;:&quot;50&quot;,&quot;sizes&quot;:[]},&quot;jet_parallax_layout_bg_x&quot;:&quot;50&quot;,&quot;jet_parallax_layout_bg_y&quot;:&quot;50&quot;,&quot;jet_parallax_layout_image_tablet&quot;:{&quot;url&quot;:&quot;&quot;,&quot;id&quot;:&quot;&quot;,&quot;size&quot;:&quot;&quot;},&quot;jet_parallax_layout_image_mobile&quot;:{&quot;url&quot;:&quot;&quot;,&quot;id&quot;:&quot;&quot;,&quot;size&quot;:&quot;&quot;},&quot;jet_parallax_layout_type&quot;:&quot;scroll&quot;,&quot;jet_parallax_layout_direction&quot;:&quot;1&quot;,&quot;jet_parallax_layout_fx_direction&quot;:null,&quot;jet_parallax_layout_z_index&quot;:&quot;&quot;,&quot;jet_parallax_layout_bg_x_tablet&quot;:&quot;&quot;,&quot;jet_parallax_layout_bg_x_mobile&quot;:&quot;&quot;,&quot;jet_parallax_layout_bg_y_tablet&quot;:&quot;&quot;,&quot;jet_parallax_layout_bg_y_mobile&quot;:&quot;&quot;,&quot;jet_parallax_layout_bg_size&quot;:&quot;auto&quot;,&quot;jet_parallax_layout_bg_size_tablet&quot;:&quot;&quot;,&quot;jet_parallax_layout_bg_size_mobile&quot;:&quot;&quot;,&quot;jet_parallax_layout_animation_prop&quot;:&quot;transform&quot;,&quot;jet_parallax_layout_on&quot;:[&quot;desktop&quot;,&quot;tablet&quot;]}],&quot;background_background&quot;:&quot;classic&quot;}\">\n\t\t\t\t\t\t\t<div class=\"elementor-background-overlay\"><\/div>\n\t\t\t\t\t\t\t<div class=\"elementor-container elementor-column-gap-default\">\n\t\t\t\t\t<div class=\"elementor-column elementor-col-100 elementor-top-column elementor-element elementor-element-5091a50f\" data-id=\"5091a50f\" data-element_type=\"column\" data-e-type=\"column\">\n\t\t\t<div class=\"elementor-widget-wrap elementor-element-populated\">\n\t\t\t\t\t\t<div class=\"elementor-element elementor-element-552f445f elementor-widget elementor-widget-spacer\" data-id=\"552f445f\" data-element_type=\"widget\" data-e-type=\"widget\" data-widget_type=\"spacer.default\">\n\t\t\t\t\t\t\t<div class=\"elementor-spacer\">\n\t\t\t<div class=\"elementor-spacer-inner\"><\/div>\n\t\t<\/div>\n\t\t\t\t\t\t<\/div>\n\t\t\t\t<div class=\"elementor-element elementor-element-585b6382 elementor-widget elementor-widget-heading\" data-id=\"585b6382\" data-element_type=\"widget\" data-e-type=\"widget\" data-widget_type=\"heading.default\">\n\t\t\t\t\t<h3 class=\"elementor-heading-title elementor-size-default\">Es respectar\u00e0 sempre la confidencialitat de les vostres dades personals<br>i protegiran els vostres drets fonamentals<\/h3>\t\t\t\t<\/div>\n\t\t\t\t<div class=\"elementor-element elementor-element-39c2f956 elementor-align-center elementor-widget elementor-widget-button\" data-id=\"39c2f956\" data-element_type=\"widget\" data-e-type=\"widget\" data-widget_type=\"button.default\">\n\t\t\t\t\t\t\t\t\t\t<a class=\"elementor-button elementor-button-link elementor-size-sm\" href=\"#abaix\">\n\t\t\t\t\t\t<span class=\"elementor-button-content-wrapper\">\n\t\t\t\t\t\t\t\t\t<span class=\"elementor-button-text\">POL\u00cdTICA DE PRIVACITAT<\/span>\n\t\t\t\t\t<\/span>\n\t\t\t\t\t<\/a>\n\t\t\t\t\t\t\t\t<\/div>\n\t\t\t\t<div class=\"elementor-element elementor-element-1c7b546 elementor-widget elementor-widget-menu-anchor\" data-id=\"1c7b546\" data-element_type=\"widget\" data-e-type=\"widget\" data-widget_type=\"menu-anchor.default\">\n\t\t\t\t\t\t\t<div class=\"elementor-menu-anchor\" id=\"abaix\"><\/div>\n\t\t\t\t\t\t<\/div>\n\t\t\t\t<div class=\"elementor-element elementor-element-625d3a32 elementor-widget elementor-widget-spacer\" data-id=\"625d3a32\" data-element_type=\"widget\" data-e-type=\"widget\" data-widget_type=\"spacer.default\">\n\t\t\t\t\t\t\t<div class=\"elementor-spacer\">\n\t\t\t<div class=\"elementor-spacer-inner\"><\/div>\n\t\t<\/div>\n\t\t\t\t\t\t<\/div>\n\t\t\t\t\t<\/div>\n\t\t<\/div>\n\t\t\t\t\t<\/div>\n\t\t<\/section>\n\t\t\t\t<section class=\"elementor-section elementor-top-section elementor-element elementor-element-741a92ba elementor-section-boxed elementor-section-height-default elementor-section-height-default\" data-id=\"741a92ba\" data-element_type=\"section\" data-e-type=\"section\" data-settings=\"{&quot;jet_parallax_layout_list&quot;:[{&quot;jet_parallax_layout_image&quot;:{&quot;url&quot;:&quot;&quot;,&quot;id&quot;:&quot;&quot;,&quot;size&quot;:&quot;&quot;},&quot;_id&quot;:&quot;9231478&quot;,&quot;jet_parallax_layout_speed&quot;:{&quot;unit&quot;:&quot;%&quot;,&quot;size&quot;:&quot;50&quot;,&quot;sizes&quot;:[]},&quot;jet_parallax_layout_bg_x&quot;:&quot;50&quot;,&quot;jet_parallax_layout_bg_y&quot;:&quot;50&quot;,&quot;jet_parallax_layout_image_tablet&quot;:{&quot;url&quot;:&quot;&quot;,&quot;id&quot;:&quot;&quot;,&quot;size&quot;:&quot;&quot;},&quot;jet_parallax_layout_image_mobile&quot;:{&quot;url&quot;:&quot;&quot;,&quot;id&quot;:&quot;&quot;,&quot;size&quot;:&quot;&quot;},&quot;jet_parallax_layout_type&quot;:&quot;scroll&quot;,&quot;jet_parallax_layout_direction&quot;:&quot;1&quot;,&quot;jet_parallax_layout_fx_direction&quot;:null,&quot;jet_parallax_layout_z_index&quot;:&quot;&quot;,&quot;jet_parallax_layout_bg_x_tablet&quot;:&quot;&quot;,&quot;jet_parallax_layout_bg_x_mobile&quot;:&quot;&quot;,&quot;jet_parallax_layout_bg_y_tablet&quot;:&quot;&quot;,&quot;jet_parallax_layout_bg_y_mobile&quot;:&quot;&quot;,&quot;jet_parallax_layout_bg_size&quot;:&quot;auto&quot;,&quot;jet_parallax_layout_bg_size_tablet&quot;:&quot;&quot;,&quot;jet_parallax_layout_bg_size_mobile&quot;:&quot;&quot;,&quot;jet_parallax_layout_animation_prop&quot;:&quot;transform&quot;,&quot;jet_parallax_layout_on&quot;:[&quot;desktop&quot;,&quot;tablet&quot;]}],&quot;background_background&quot;:&quot;classic&quot;}\">\n\t\t\t\t\t\t<div class=\"elementor-container elementor-column-gap-default\">\n\t\t\t\t\t<div class=\"elementor-column elementor-col-50 elementor-top-column elementor-element elementor-element-7a5bc6a5\" data-id=\"7a5bc6a5\" data-element_type=\"column\" data-e-type=\"column\">\n\t\t\t<div class=\"elementor-widget-wrap elementor-element-populated\">\n\t\t\t\t\t\t<div class=\"elementor-element elementor-element-26d96525 animated-slow elementor-invisible elementor-widget elementor-widget-heading\" data-id=\"26d96525\" data-element_type=\"widget\" data-e-type=\"widget\" data-settings=\"{&quot;_animation&quot;:&quot;fadeIn&quot;}\" data-widget_type=\"heading.default\">\n\t\t\t\t\t<h1 class=\"elementor-heading-title elementor-size-default\">POL\u00cdTICA DE PRIVACITAT<\/h1>\t\t\t\t<\/div>\n\t\t\t\t\t<\/div>\n\t\t<\/div>\n\t\t\t\t<div class=\"elementor-column elementor-col-50 elementor-top-column elementor-element elementor-element-61021434\" data-id=\"61021434\" data-element_type=\"column\" data-e-type=\"column\">\n\t\t\t<div class=\"elementor-widget-wrap elementor-element-populated\">\n\t\t\t\t\t\t<div class=\"elementor-element elementor-element-33de430c elementor-position-inline-end elementor-view-default elementor-mobile-position-block-start elementor-invisible elementor-widget elementor-widget-icon-box\" data-id=\"33de430c\" data-element_type=\"widget\" data-e-type=\"widget\" data-settings=\"{&quot;_animation&quot;:&quot;fadeIn&quot;}\" data-widget_type=\"icon-box.default\">\n\t\t\t\t\t\t\t<div class=\"elementor-icon-box-wrapper\">\n\n\t\t\t\t\t\t<div class=\"elementor-icon-box-icon\">\n\t\t\t\t<a href=\"http:\/\/t-d-i.es\/wp-content\/uploads\/2021\/07\/PoliticaPrivacidadV00.pdf\" target=\"_blank\" class=\"elementor-icon\" tabindex=\"-1\" aria-label=\"&lt;p style=&quot;margin-top: 0px;&quot;&gt;DESCARREGAR PDF&lt;\/p&gt;\">\n\t\t\t\t<svg aria-hidden=\"true\" class=\"e-font-icon-svg e-far-file-pdf\" viewBox=\"0 0 384 512\" xmlns=\"http:\/\/www.w3.org\/2000\/svg\"><path d=\"M369.9 97.9L286 14C277 5 264.8-.1 252.1-.1H48C21.5 0 0 21.5 0 48v416c0 26.5 21.5 48 48 48h288c26.5 0 48-21.5 48-48V131.9c0-12.7-5.1-25-14.1-34zM332.1 128H256V51.9l76.1 76.1zM48 464V48h160v104c0 13.3 10.7 24 24 24h104v288H48zm250.2-143.7c-12.2-12-47-8.7-64.4-6.5-17.2-10.5-28.7-25-36.8-46.3 3.9-16.1 10.1-40.6 5.4-56-4.2-26.2-37.8-23.6-42.6-5.9-4.4 16.1-.4 38.5 7 67.1-10 23.9-24.9 56-35.4 74.4-20 10.3-47 26.2-51 46.2-3.3 15.8 26 55.2 76.1-31.2 22.4-7.4 46.8-16.5 68.4-20.1 18.9 10.2 41 17 55.8 17 25.5 0 28-28.2 17.5-38.7zm-198.1 77.8c5.1-13.7 24.5-29.5 30.4-35-19 30.3-30.4 35.7-30.4 35zm81.6-190.6c7.4 0 6.7 32.1 1.8 40.8-4.4-13.9-4.3-40.8-1.8-40.8zm-24.4 136.6c9.7-16.9 18-37 24.7-54.7 8.3 15.1 18.9 27.2 30.1 35.5-20.8 4.3-38.9 13.1-54.8 19.2zm131.6-5s-5 6-37.3-7.8c35.1-2.6 40.9 5.4 37.3 7.8z\"><\/path><\/svg>\t\t\t\t<\/a>\n\t\t\t<\/div>\n\t\t\t\n\t\t\t\t\t\t<div class=\"elementor-icon-box-content\">\n\n\t\t\t\t\t\t\t\t\t<h4 class=\"elementor-icon-box-title\">\n\t\t\t\t\t\t<a href=\"http:\/\/t-d-i.es\/wp-content\/uploads\/2021\/07\/PoliticaPrivacidadV00.pdf\" target=\"_blank\" >\n\t\t\t\t\t\t\t<p style=\"margin-top: 0px\">DESCARREGAR PDF<\/p>\t\t\t\t\t\t<\/a>\n\t\t\t\t\t<\/h4>\n\t\t\t\t\n\t\t\t\t\n\t\t\t<\/div>\n\t\t\t\n\t\t<\/div>\n\t\t\t\t\t\t<\/div>\n\t\t\t\t\t<\/div>\n\t\t<\/div>\n\t\t\t\t\t<\/div>\n\t\t<\/section>\n\t\t\t\t<section class=\"elementor-section elementor-top-section elementor-element elementor-element-47befb3 elementor-section-boxed elementor-section-height-default elementor-section-height-default\" data-id=\"47befb3\" data-element_type=\"section\" data-e-type=\"section\" data-settings=\"{&quot;jet_parallax_layout_list&quot;:[{&quot;jet_parallax_layout_image&quot;:{&quot;url&quot;:&quot;&quot;,&quot;id&quot;:&quot;&quot;,&quot;size&quot;:&quot;&quot;},&quot;_id&quot;:&quot;9231478&quot;,&quot;jet_parallax_layout_speed&quot;:{&quot;unit&quot;:&quot;%&quot;,&quot;size&quot;:&quot;50&quot;,&quot;sizes&quot;:[]},&quot;jet_parallax_layout_bg_x&quot;:&quot;50&quot;,&quot;jet_parallax_layout_bg_y&quot;:&quot;50&quot;,&quot;jet_parallax_layout_image_tablet&quot;:{&quot;url&quot;:&quot;&quot;,&quot;id&quot;:&quot;&quot;,&quot;size&quot;:&quot;&quot;},&quot;jet_parallax_layout_image_mobile&quot;:{&quot;url&quot;:&quot;&quot;,&quot;id&quot;:&quot;&quot;,&quot;size&quot;:&quot;&quot;},&quot;jet_parallax_layout_type&quot;:&quot;scroll&quot;,&quot;jet_parallax_layout_direction&quot;:&quot;1&quot;,&quot;jet_parallax_layout_fx_direction&quot;:null,&quot;jet_parallax_layout_z_index&quot;:&quot;&quot;,&quot;jet_parallax_layout_bg_x_tablet&quot;:&quot;&quot;,&quot;jet_parallax_layout_bg_x_mobile&quot;:&quot;&quot;,&quot;jet_parallax_layout_bg_y_tablet&quot;:&quot;&quot;,&quot;jet_parallax_layout_bg_y_mobile&quot;:&quot;&quot;,&quot;jet_parallax_layout_bg_size&quot;:&quot;auto&quot;,&quot;jet_parallax_layout_bg_size_tablet&quot;:&quot;&quot;,&quot;jet_parallax_layout_bg_size_mobile&quot;:&quot;&quot;,&quot;jet_parallax_layout_animation_prop&quot;:&quot;transform&quot;,&quot;jet_parallax_layout_on&quot;:[&quot;desktop&quot;,&quot;tablet&quot;]}],&quot;background_background&quot;:&quot;classic&quot;}\">\n\t\t\t\t\t\t<div class=\"elementor-container elementor-column-gap-default\">\n\t\t\t\t\t<div class=\"elementor-column elementor-col-50 elementor-top-column elementor-element elementor-element-40dd5e65 elementor-invisible\" data-id=\"40dd5e65\" data-element_type=\"column\" data-e-type=\"column\" data-settings=\"{&quot;animation&quot;:&quot;fadeIn&quot;}\">\n\t\t\t<div class=\"elementor-widget-wrap elementor-element-populated\">\n\t\t\t\t\t\t<div class=\"elementor-element elementor-element-4d485b20 elementor-widget elementor-widget-text-editor\" data-id=\"4d485b20\" data-element_type=\"widget\" data-e-type=\"widget\" data-settings=\"{&quot;_animation&quot;:&quot;none&quot;}\" data-widget_type=\"text-editor.default\">\n\t\t\t\t\t\t\t\t\t<div class=\"span6 module_number_2 module_cont module_normal_padding module_html\">\n<div class=\"module_content\">\n<h3>DADES GENERALS<\/h3>\n<h4><strong>D\u2019acord amb l\u2019article 10 de la Llei 34\/2002, d\u2019 11 de juliol, de Serveis de la Societat de la Informacio\u0301 i de Comerc\u0327 Electro\u0300nic posem a la seva disposicio\u0301 les dades segu\u0308ents:<\/strong><\/h4>\n<p>Tecnologi\u0301a Difusio\u0301n Ibe\u0301rica S.L. esta\u0300 domiciliada a la Ctra. Sta. Creu de Calafell No 136, 08850- Gava\u0300 Barcelona, con CIF B58285867. Inscrita en el Registre Mercantil de Barcelona, Volum 21634, Llibre 7311, Seccio\u0301 2a, Foli 1, Fulla B25623.<\/p>\n<p>A la web www.t-d-i.es hi ha una se\u0300rie de continguts de cara\u0300cter informatiu sobre la gamma de productes, analitzadors qui\u0301mics (enzima\u0300tics i colorime\u0300trics), analitzadors infrarojos (IRTF, NIR), reactius i patrons.<\/p>\n<p>El principal objectiu e\u0301s facilitar als clients i al pu\u0301blic en general la informacio\u0301 relativa a la empresa i als productes i serveis que aquesta ofereix.<\/p>\n<h3>POLI\u0301TICA DE PRIVACITAT<\/h3>\n<p>En compliment amb el disposat a <strong>la Llei orga\u0300nica 15\/1999, de 13 de desembre, de Proteccio\u0301 de Dades de Cara\u0300cter Personal (LOPD)<\/strong> l\u2019informem que totes les dades que sens proporcioni, sigui quin sigui el mitja\u0300 utilitzat, escrit ordinari, electro\u0300nic, oral o qualsevol altre suport, seran incorporades a un fitxer creat i mantingut sota la responsabilitat de Tecnologi\u0301a Difusio\u0301n Ibe\u0301rica S.L.<\/p>\n<p><strong>Es respectara\u0300 sempre la confidencialitat de les seves dades personals i es protegiran els seus drets fonamentals a la intimitat,<\/strong> que sols seran utilitzades amb finalitat de gestionar els serveis oferts, atendre les sol\u00b7licituds ens plantegi, realitzar tasques administratives, aixi\u0301 com remetre informacio\u0301 te\u0300cnico-comercial o publicita\u0300ria per via ordina\u0300ria o electro\u0300nica.<\/p>\n<p>Per exercir els <strong>drets d\u2019acce\u0301s, rectificacio\u0301, cancel\u00b7lacio\u0301, oposicio\u0301, supressio\u0301 i oblit, portabilitat i limitacio\u0301<\/strong> hauran de dirigir-se a la seu de la empresa al <strong>C\/ Progre\u0301s No 46 \u2013 48 08850 \u2013 Gava\u0300 (Barcelona) Espan\u0303a,<\/strong> escriure\u2019ns a la segu\u0308ent adrec\u0327a de correu <strong>gestion@tdi.es<\/strong> o trucar-nos al tele\u0300fon +34 93 638 20 56. <strong>+34 93 638 20 56.<\/strong><\/p>\n<h3>CONDICIONS D\u2019U\u0301S<\/h3>\n<p><strong>Les condicions d\u2019acce\u0301s i u\u0301s d\u2019aquesta web es regeixen per la legalitat vigent i pel principi de bona fe,<\/strong> comprometent l\u2019usuari a realitzar un bon u\u0301s de la web. No es permeten conductes que vagin en contra deuser la llei, els drets o interessos de tercers.<\/p>\n<p>Ser usuari de la web de www.t-d-i.es implica que hom reconeix haver llegit i acceptat les condicions esmentades i tot allo\u0300 que la normativa legal consideri aplicable en aquesta mate\u0300ria. Si pel motiu que sigui, voste\u0300 no esta\u0300 d\u2019acord amb aquestes condicions, no continui\u0308 utilitzant aquesta web.<\/p>\n<p><strong>Qualsevol altra notificacio\u0301 i\/o reclamacio\u0301 sols tindra\u0300 validesa si es comunica per escrit.<\/strong><\/p>\n<h3>RESPONSABILITATS<\/h3>\n<p><strong>Tecnologi\u0301a Difusio\u0301n Ibe\u0301rica S.L. no es fa responsable de la informacio\u0301 i continguts allotjats en fo\u0300rums, xarxes socials o qualsevol altre mitja\u0300<\/strong> que tercers puguin publicar de forma independent en la nostra pa\u0300gina web.<\/p>\n<p>Tanmateix, tenint en compte els art. 11 i 16 de la LSSI-CE, Tecnologi\u0301a Difusio\u0301n Ibe\u0301rica S.L. <strong>es compromet a la retirada o, si s\u2019escau, al bloqueig de aquells continguts que poguessin afectar o contravenir la legislacio\u0301 nacional o internacional,<\/strong> drets de tercers o la moral i l\u2019ordre pu\u0301blic.<\/p>\n<p><strong>L\u2019empresa tampoc es responsabilitzara\u0300 dels danys i perjudicis que es produeixin per fallades o males configuracions del software instal\u00b7lat en l\u2019ordinador de l\u2019internauta.<\/strong> Queda exclosa de tota responsabilitat respecte de qualsevol incide\u0300ncia te\u0300cnica o fallada que es produeixi quan l\u2019usuari es connecta a internet. Igualment, no es garanteix la inexiste\u0300ncia de interrupcions o errors a l\u2019acce\u0301s del lloc web.<\/p>\n<p>De la mateixa manera, Tecnologi\u0301a Difusio\u0301n Ibe\u0301rica S.L. <strong>es reserva el dret a actualitzar, modificar o eliminar la informacio\u0301 continguda en la seva pa\u0300gina web,<\/strong> aixi\u0301 com la configuracio\u0301 o presentacio\u0301 de la mateixa en qualsevol moment, sense assumir-ne responsabilitat alguna per aquest fet.<\/p>\n<p>Li comuniquen que qualsevol preu que pugui veure a la nostra web sera\u0300 solament orientatiu. Si l\u2019usuari desitja saber amb exactitud el preu, pot dirigir-se directament a Tecnologi\u0301a Difusio\u0301n Ibe\u0301rica S.L. pel mitja\u0300 que consideri mes oportu\u0301, telefo\u0300nicament, correu electro\u0300nic, presencialment, etc.<\/p>\n<h3>PROPIETAT INTELECTUAL I INDUSTRIAL<\/h3>\n<p><strong>Tecnologi\u0301a Difusio\u0301n Ibe\u0301rica S.L. e\u0301s titular de tots els drets sobre el software de la publicacio\u0301 digital, aixi\u0301 com dels drets de propietat industrial i intel\u00b7lectual referits als continguts inclosos a la web,<\/strong> a excepcio\u0301 dels drets sobre productes i serveis de cara\u0300cter pu\u0301blic que no so\u0301n propietat d\u2019aquesta empresa.<\/p>\n<p><strong>Cap material publicat en aquesta web podra\u0300 ser reprodui\u0308t , copiat o publicat<\/strong>sense el consentiment per escrit de Tecnologi\u0301a Difusio\u0301n Ibe\u0301rica S.L.<br \/><strong>Tota la informacio\u0301 que es rebi a la web, siguin comentaris, suggeriments o idees, es consideren cedides<\/strong> a Tecnologi\u0301a Difusio\u0301n Ibe\u0301rica S.L. de manera gratui\u0308ta. No s\u2019ha d\u2019enviar cap informacio\u0301 que NO pugi ser tractada d\u2019aquesta forma.<br \/>Tots els productes i serveis d\u2019aquestes pagines que NO so\u0301n propietat de Tecnologi\u0301a Difusio\u0301n Ibe\u0301rica S.L. , que so\u0301n marques registrades dels seus respectius propietaris i so\u0301n reconegudes com a tals per la nostra empresa. Sols apareixen a la web de Tecnologi\u0301a Difusio\u0301n Ibe\u0301rica S.L. a efectes de promocio\u0301 i de recopilacio\u0301 d\u2019informacio\u0301. Aquests propietaris poden sol\u00b7licitar la modificacio\u0301 o eliminacio\u0301 de la informacio\u0301 que els pertany.<\/p>\n<h3>LLEI APLICABLE I JURISDICCIO\u0301<\/h3>\n<p><strong>Les presents condicions generales es regeixen per la legislacio\u0301 espanyola.<\/strong> En qualsevol litigi que pogue\u0301s sorgir relacionat amb el lloc web o l\u2019activitat que s\u2019hi desenvolupi, seran competents els Jutjats de Gava\u0300. L\u2019usuari renuncia expressament a qualsevol altre fur que pogue\u0301s correspondre-li.<\/p>\n<h3>POLI\u0301TICA DE COOKIES<\/h3>\n<p><strong>Tecnologi\u0301a Difusio\u0301n Ibe\u0301rica S.L. pel seu compte o per un tercer contractat per a la prestacio\u0301 de serveis de mediacio\u0301 pot utilitzar cookies quan l\u2019usuari navega pel lloc web. Les cookies so\u0301n fitxers enviats al navegador per mitja\u0300 d\u2019un servidor web amb la finalitat de enregistrar les activitats de l\u2019usuari durant el seu temps de navegacio\u0301.<\/strong><\/p>\n<p>Les cookies utilitzades s\u2019associen u\u0301nicament amb un usuari ano\u0300nim i el seu ordinador, i no proporcionen per elles mateixes les dades personals de l\u2019usuari.<\/p>\n<p><strong>L\u2019u\u0301s de les cookies permet que el servidor on es troba la web reconegui el navegador web utilitzat per l\u2019usuari per tal de fer me\u0301s senzilla la navegacio\u0301.<\/strong> S\u2019utilitzen tambe\u0301 per mesurar l\u2019audie\u0300ncia i para\u0300metres del tra\u0300fic, controlar el proce\u0301s i nu\u0301mero d\u2019entrades.<\/p>\n<p><strong>L\u2019usuari te\u0301 la possibilitat de configurar el seu navegador per ser avisat de la recepcio\u0301 de cookies i per impedir la seva instal\u00b7lacio\u0301 en el seu equip.<\/strong> Siusplau, consulti les instruccions i manuals del seu navegador per ampliar aquesta informacio\u0301.<\/p>\n<p>Per utilitzar la pa\u0300gina web no e\u0301s necessari que l\u2019usuari, o el tercer que actui\u0308 en nom seu, permeti la instal\u00b7lacio\u0301 de les cookies enviades a la web, sense prejudici que l\u2019usuari hagi d\u2019iniciar una sessio\u0301, havent-se enregistrat pre\u0300viament, si aixi\u0301 es demana, per poder accedir als diferents serveis de la web.<\/p>\n<p>En tot cas <strong>les cookies tenen un cara\u0300cter temporal.<\/strong> La seva u\u0301nica finalitat e\u0301s fer me\u0301s eficaces les connexions posteriors. En cap cas s\u2019utilitzaran cookies per recollir informacio\u0301 de cara\u0300cter personal.<\/p>\n<\/div>\n<\/div>\n\t\t\t\t\t\t\t\t<\/div>\n\t\t\t\t\t<\/div>\n\t\t<\/div>\n\t\t\t\t<div class=\"elementor-column elementor-col-50 elementor-top-column elementor-element elementor-element-4aac49fb elementor-invisible\" data-id=\"4aac49fb\" data-element_type=\"column\" data-e-type=\"column\" data-settings=\"{&quot;animation&quot;:&quot;fadeIn&quot;}\">\n\t\t\t<div class=\"elementor-widget-wrap elementor-element-populated\">\n\t\t\t\t\t\t<div class=\"elementor-element elementor-element-a760768 elementor-widget elementor-widget-image\" data-id=\"a760768\" data-element_type=\"widget\" data-e-type=\"widget\" data-settings=\"{&quot;_animation&quot;:&quot;none&quot;}\" data-widget_type=\"image.default\">\n\t\t\t\t\t\t\t\t\t\t\t\t\t\t\t<img fetchpriority=\"high\" decoding=\"async\" width=\"724\" height=\"1024\" src=\"https:\/\/t-d-i.es\/wp-content\/uploads\/2021\/07\/foto-politica-de-privacidad-724x1024.jpg\" class=\"attachment-large size-large wp-image-8716\" alt=\"\" srcset=\"https:\/\/t-d-i.es\/wp-content\/uploads\/2021\/07\/foto-politica-de-privacidad-724x1024.jpg 724w, https:\/\/t-d-i.es\/wp-content\/uploads\/2021\/07\/foto-politica-de-privacidad-212x300.jpg 212w, https:\/\/t-d-i.es\/wp-content\/uploads\/2021\/07\/foto-politica-de-privacidad-768x1086.jpg 768w, https:\/\/t-d-i.es\/wp-content\/uploads\/2021\/07\/foto-politica-de-privacidad-1086x1536.jpg 1086w, https:\/\/t-d-i.es\/wp-content\/uploads\/2021\/07\/foto-politica-de-privacidad.jpg 1240w\" sizes=\"(max-width: 724px) 100vw, 724px\" \/>\t\t\t\t\t\t\t\t\t\t\t\t\t\t\t<\/div>\n\t\t\t\t\t<\/div>\n\t\t<\/div>\n\t\t\t\t\t<\/div>\n\t\t<\/section>\n\t\t\t\t<\/div>\n\t\t","protected":false},"excerpt":{"rendered":"<p>Es respectar\u00e0 sempre la confidencialitat de les vostres dades personalsi protegiran els vostres drets fonamentals POL\u00cdTICA DE PRIVACITAT POL\u00cdTICA DE PRIVACITAT DESCARREGAR PDF DADES GENERALS D\u2019acord amb l\u2019article 10 de la Llei 34\/2002, d\u2019 11 de juliol, de Serveis de la Societat de la Informacio\u0301 i de Comerc\u0327 Electro\u0300nic posem a la seva disposicio\u0301 les [&hellip;]<\/p>\n","protected":false},"author":1,"featured_media":0,"parent":0,"menu_order":0,"comment_status":"closed","ping_status":"closed","template":"full-width.php","meta":{"_acf_changed":false,"footnotes":""},"class_list":["post-8959","page","type-page","status-publish","hentry"],"acf":[],"_links":{"self":[{"href":"https:\/\/t-d-i.es\/ca\/wp-json\/wp\/v2\/pages\/8959","targetHints":{"allow":["GET"]}}],"collection":[{"href":"https:\/\/t-d-i.es\/ca\/wp-json\/wp\/v2\/pages"}],"about":[{"href":"https:\/\/t-d-i.es\/ca\/wp-json\/wp\/v2\/types\/page"}],"author":[{"embeddable":true,"href":"https:\/\/t-d-i.es\/ca\/wp-json\/wp\/v2\/users\/1"}],"replies":[{"embeddable":true,"href":"https:\/\/t-d-i.es\/ca\/wp-json\/wp\/v2\/comments?post=8959"}],"version-history":[{"count":5,"href":"https:\/\/t-d-i.es\/ca\/wp-json\/wp\/v2\/pages\/8959\/revisions"}],"predecessor-version":[{"id":9945,"href":"https:\/\/t-d-i.es\/ca\/wp-json\/wp\/v2\/pages\/8959\/revisions\/9945"}],"wp:attachment":[{"href":"https:\/\/t-d-i.es\/ca\/wp-json\/wp\/v2\/media?parent=8959"}],"curies":[{"name":"wp","href":"https:\/\/api.w.org\/{rel}","templated":true}]}}