{"id":9063,"date":"2021-11-26T17:01:37","date_gmt":"2021-11-26T17:01:37","guid":{"rendered":"https:\/\/t-d-i.es\/noticies\/"},"modified":"2025-02-27T15:55:52","modified_gmt":"2025-02-27T15:55:52","slug":"noticies","status":"publish","type":"page","link":"https:\/\/t-d-i.es\/ca\/noticies\/","title":{"rendered":"NOT\u00cdCIES"},"content":{"rendered":"\t\t<div data-elementor-type=\"wp-page\" data-elementor-id=\"9063\" class=\"elementor elementor-9063 elementor-2345\">\n\t\t\t\t\t\t<section class=\"elementor-section elementor-top-section elementor-element elementor-element-73849aa1 elementor-section-boxed elementor-section-height-default elementor-section-height-default\" data-id=\"73849aa1\" data-element_type=\"section\" data-e-type=\"section\" data-settings=\"{&quot;jet_parallax_layout_list&quot;:[{&quot;jet_parallax_layout_image&quot;:{&quot;url&quot;:&quot;&quot;,&quot;id&quot;:&quot;&quot;,&quot;size&quot;:&quot;&quot;},&quot;_id&quot;:&quot;9231478&quot;,&quot;jet_parallax_layout_speed&quot;:{&quot;unit&quot;:&quot;%&quot;,&quot;size&quot;:&quot;50&quot;,&quot;sizes&quot;:[]},&quot;jet_parallax_layout_bg_x&quot;:&quot;50&quot;,&quot;jet_parallax_layout_bg_y&quot;:&quot;50&quot;,&quot;jet_parallax_layout_image_tablet&quot;:{&quot;url&quot;:&quot;&quot;,&quot;id&quot;:&quot;&quot;,&quot;size&quot;:&quot;&quot;},&quot;jet_parallax_layout_image_mobile&quot;:{&quot;url&quot;:&quot;&quot;,&quot;id&quot;:&quot;&quot;,&quot;size&quot;:&quot;&quot;},&quot;jet_parallax_layout_type&quot;:&quot;scroll&quot;,&quot;jet_parallax_layout_direction&quot;:&quot;1&quot;,&quot;jet_parallax_layout_fx_direction&quot;:null,&quot;jet_parallax_layout_z_index&quot;:&quot;&quot;,&quot;jet_parallax_layout_bg_x_tablet&quot;:&quot;&quot;,&quot;jet_parallax_layout_bg_x_mobile&quot;:&quot;&quot;,&quot;jet_parallax_layout_bg_y_tablet&quot;:&quot;&quot;,&quot;jet_parallax_layout_bg_y_mobile&quot;:&quot;&quot;,&quot;jet_parallax_layout_bg_size&quot;:&quot;auto&quot;,&quot;jet_parallax_layout_bg_size_tablet&quot;:&quot;&quot;,&quot;jet_parallax_layout_bg_size_mobile&quot;:&quot;&quot;,&quot;jet_parallax_layout_animation_prop&quot;:&quot;transform&quot;,&quot;jet_parallax_layout_on&quot;:[&quot;desktop&quot;,&quot;tablet&quot;]}],&quot;background_background&quot;:&quot;classic&quot;}\">\n\t\t\t\t\t\t<div class=\"elementor-container elementor-column-gap-default\">\n\t\t\t\t\t<div class=\"elementor-column elementor-col-100 elementor-top-column elementor-element elementor-element-7cfc9188\" data-id=\"7cfc9188\" data-element_type=\"column\" data-e-type=\"column\">\n\t\t\t<div class=\"elementor-widget-wrap elementor-element-populated\">\n\t\t\t\t\t\t<div class=\"elementor-element elementor-element-14d9a5f animated-slow elementor-invisible elementor-widget elementor-widget-heading\" data-id=\"14d9a5f\" data-element_type=\"widget\" data-e-type=\"widget\" data-settings=\"{&quot;_animation&quot;:&quot;fadeIn&quot;}\" data-widget_type=\"heading.default\">\n\t\t\t\t\t<h1 class=\"elementor-heading-title elementor-size-default\">NOT\u00cdCIES<\/h1>\t\t\t\t<\/div>\n\t\t\t\t\t<\/div>\n\t\t<\/div>\n\t\t\t\t\t<\/div>\n\t\t<\/section>\n\t\t\t\t<section class=\"elementor-section elementor-top-section elementor-element elementor-element-32a16ae2 elementor-section-boxed elementor-section-height-default elementor-section-height-default\" data-id=\"32a16ae2\" data-element_type=\"section\" data-e-type=\"section\" data-settings=\"{&quot;jet_parallax_layout_list&quot;:[{&quot;jet_parallax_layout_image&quot;:{&quot;url&quot;:&quot;&quot;,&quot;id&quot;:&quot;&quot;,&quot;size&quot;:&quot;&quot;},&quot;_id&quot;:&quot;9231478&quot;,&quot;jet_parallax_layout_speed&quot;:{&quot;unit&quot;:&quot;%&quot;,&quot;size&quot;:&quot;50&quot;,&quot;sizes&quot;:[]},&quot;jet_parallax_layout_bg_x&quot;:&quot;50&quot;,&quot;jet_parallax_layout_bg_y&quot;:&quot;50&quot;,&quot;jet_parallax_layout_image_tablet&quot;:{&quot;url&quot;:&quot;&quot;,&quot;id&quot;:&quot;&quot;,&quot;size&quot;:&quot;&quot;},&quot;jet_parallax_layout_image_mobile&quot;:{&quot;url&quot;:&quot;&quot;,&quot;id&quot;:&quot;&quot;,&quot;size&quot;:&quot;&quot;},&quot;jet_parallax_layout_type&quot;:&quot;scroll&quot;,&quot;jet_parallax_layout_direction&quot;:&quot;1&quot;,&quot;jet_parallax_layout_fx_direction&quot;:null,&quot;jet_parallax_layout_z_index&quot;:&quot;&quot;,&quot;jet_parallax_layout_bg_x_tablet&quot;:&quot;&quot;,&quot;jet_parallax_layout_bg_x_mobile&quot;:&quot;&quot;,&quot;jet_parallax_layout_bg_y_tablet&quot;:&quot;&quot;,&quot;jet_parallax_layout_bg_y_mobile&quot;:&quot;&quot;,&quot;jet_parallax_layout_bg_size&quot;:&quot;auto&quot;,&quot;jet_parallax_layout_bg_size_tablet&quot;:&quot;&quot;,&quot;jet_parallax_layout_bg_size_mobile&quot;:&quot;&quot;,&quot;jet_parallax_layout_animation_prop&quot;:&quot;transform&quot;,&quot;jet_parallax_layout_on&quot;:[&quot;desktop&quot;,&quot;tablet&quot;]}],&quot;background_background&quot;:&quot;classic&quot;}\">\n\t\t\t\t\t\t<div class=\"elementor-container elementor-column-gap-default\">\n\t\t\t\t\t<div class=\"elementor-column elementor-col-100 elementor-top-column elementor-element elementor-element-d7c3ec0\" data-id=\"d7c3ec0\" data-element_type=\"column\" data-e-type=\"column\">\n\t\t\t<div class=\"elementor-widget-wrap elementor-element-populated\">\n\t\t\t\t\t\t<div class=\"elementor-element elementor-element-d5904d5 raven-button-align-left elementor-widget elementor-widget-raven-posts\" data-id=\"d5904d5\" data-element_type=\"widget\" data-e-type=\"widget\" data-settings=\"{&quot;classic_show_pagination&quot;:&quot;yes&quot;,&quot;_skin&quot;:&quot;classic&quot;,&quot;classic_layout&quot;:&quot;grid&quot;,&quot;classic_columns&quot;:&quot;3&quot;,&quot;classic_columns_tablet&quot;:&quot;2&quot;,&quot;classic_columns_mobile&quot;:&quot;1&quot;,&quot;query_posts_per_page&quot;:6,&quot;classic_pagination_type&quot;:&quot;page_based&quot;,&quot;query_offset&quot;:0}\" data-widget_type=\"raven-posts.classic\">\n\t\t\t\t<div class=\"elementor-widget-container\">\n\t\t\t\t\t\t\t<div class=\"raven-posts raven-grid raven-grid-3 raven-grid-mobile-1 raven-grid-tablet-2\" data-post-id=\"9063\" data-archive-query=\"\" data-lang=\"\">\n\t\t\t\t<div class=\"raven-grid-item raven-post-item post-13819 post type-post status-publish format-standard has-post-thumbnail hentry category-noticias-2025 tag-enomaq\">\n\t\t\t<div class=\"raven-post\">\n\t\t\t\t\t\t<div class=\"raven-post-image-wrap\">\n\t\t\t<a class=\"raven-post-image raven-image-fit\" href=\"https:\/\/t-d-i.es\/ca\/enomaq-2025\/\"><img fetchpriority=\"high\" decoding=\"async\" width=\"1024\" height=\"512\" src=\"https:\/\/t-d-i.es\/wp-content\/uploads\/2025\/02\/ENOMAQ-2025-1024x512.webp\" class=\"attachment-large size-large wp-image-13799\" alt=\"Stand ENOMAQ 2025\" srcset=\"https:\/\/t-d-i.es\/wp-content\/uploads\/2025\/02\/ENOMAQ-2025-1024x512.webp 1024w, https:\/\/t-d-i.es\/wp-content\/uploads\/2025\/02\/ENOMAQ-2025-300x150.webp 300w, https:\/\/t-d-i.es\/wp-content\/uploads\/2025\/02\/ENOMAQ-2025-768x384.webp 768w, https:\/\/t-d-i.es\/wp-content\/uploads\/2025\/02\/ENOMAQ-2025-1536x768.webp 1536w, https:\/\/t-d-i.es\/wp-content\/uploads\/2025\/02\/ENOMAQ-2025.webp 1920w\" sizes=\"(max-width: 1024px) 100vw, 1024px\" \/> <span class=\"raven-post-image-overlay\"><\/span><\/a>\t\t<\/div>\n\t\t\t\t\t\t<div class=\"raven-post-content\">\n\t\t\t\t\t<h3 class=\"raven-post-title\"><a class=\"raven-post-title-link\" href=\"https:\/\/t-d-i.es\/ca\/enomaq-2025\/\">ENOMAQ 2025<\/a><\/h3>\t\t<div class=\"raven-post-meta\"><span class=\"raven-post-meta-item raven-post-categories\"><a href=\"https:\/\/t-d-i.es\/category\/noticias-2025\/\" rel=\"tag\">Noticias 2025<\/a><\/span><\/div>\n\t\t\t\t<div class=\"raven-post-read-more\">\n\t\t\t<a class=\"raven-post-button\" href=\"https:\/\/t-d-i.es\/ca\/enomaq-2025\/\"><span class=\"raven-post-button-text\">Llegir m\u00e9s...<\/span><\/a>\n\t\t<\/div>\n\t\t\t\t\t\t<\/div>\n\t\t\t<\/div>\n\t\t<\/div>\n\t\t\t\t<div class=\"raven-grid-item raven-post-item post-13099 post type-post status-publish format-standard has-post-thumbnail hentry category-noticias-2024 tag-ferias tag-sieb\">\n\t\t\t<div class=\"raven-post\">\n\t\t\t\t\t\t<div class=\"raven-post-image-wrap\">\n\t\t\t<a class=\"raven-post-image raven-image-fit\" href=\"https:\/\/t-d-i.es\/ca\/sieb-2024\/\"><img decoding=\"async\" width=\"1024\" height=\"1024\" src=\"https:\/\/t-d-i.es\/wp-content\/uploads\/2024\/03\/sieb-2024-oficial-1024x1024.webp\" class=\"attachment-large size-large wp-image-13068\" alt=\"SIEB Sal\u00f3n Ib\u00e9rico de Equipamiento para Bodega 2024\" srcset=\"https:\/\/t-d-i.es\/wp-content\/uploads\/2024\/03\/sieb-2024-oficial-1024x1024.webp 1024w, https:\/\/t-d-i.es\/wp-content\/uploads\/2024\/03\/sieb-2024-oficial-300x300.webp 300w, https:\/\/t-d-i.es\/wp-content\/uploads\/2024\/03\/sieb-2024-oficial-150x150.webp 150w, https:\/\/t-d-i.es\/wp-content\/uploads\/2024\/03\/sieb-2024-oficial-768x768.webp 768w, https:\/\/t-d-i.es\/wp-content\/uploads\/2024\/03\/sieb-2024-oficial-500x500.webp 500w, https:\/\/t-d-i.es\/wp-content\/uploads\/2024\/03\/sieb-2024-oficial.webp 1080w\" sizes=\"(max-width: 1024px) 100vw, 1024px\" \/> <span class=\"raven-post-image-overlay\"><\/span><\/a>\t\t<\/div>\n\t\t\t\t\t\t<div class=\"raven-post-content\">\n\t\t\t\t\t<h3 class=\"raven-post-title\"><a class=\"raven-post-title-link\" href=\"https:\/\/t-d-i.es\/ca\/sieb-2024\/\">SIEB 2024<\/a><\/h3>\t\t<div class=\"raven-post-meta\"><span class=\"raven-post-meta-item raven-post-categories\"><a href=\"https:\/\/t-d-i.es\/category\/noticias-2024\/\" rel=\"tag\">Noticias 2024<\/a><\/span><\/div>\n\t\t\t\t<div class=\"raven-post-read-more\">\n\t\t\t<a class=\"raven-post-button\" href=\"https:\/\/t-d-i.es\/ca\/sieb-2024\/\"><span class=\"raven-post-button-text\">Llegir m\u00e9s...<\/span><\/a>\n\t\t<\/div>\n\t\t\t\t\t\t<\/div>\n\t\t\t<\/div>\n\t\t<\/div>\n\t\t\t\t<div class=\"raven-grid-item raven-post-item post-11436 post type-post status-publish format-standard has-post-thumbnail hentry category-noticias-2023 tag-ebullometro-automatico tag-enomaq tag-miura tag-miura-200-2-brazos tag-miura-micro tag-novedades\">\n\t\t\t<div class=\"raven-post\">\n\t\t\t\t\t\t<div class=\"raven-post-image-wrap\">\n\t\t\t<a class=\"raven-post-image raven-image-fit\" href=\"https:\/\/t-d-i.es\/ca\/novetats-de-tdi-a-enomaq-2023\/\"><img decoding=\"async\" width=\"1024\" height=\"614\" src=\"https:\/\/t-d-i.es\/wp-content\/uploads\/2023\/01\/nos-vemos-en-enomaq-2023-1-1024x614.jpg\" class=\"attachment-large size-large wp-image-11431\" alt=\"ENOMAQ 2023 del 14 al 17 de febrero de 2023\" srcset=\"https:\/\/t-d-i.es\/wp-content\/uploads\/2023\/01\/nos-vemos-en-enomaq-2023-1-1024x614.jpg 1024w, https:\/\/t-d-i.es\/wp-content\/uploads\/2023\/01\/nos-vemos-en-enomaq-2023-1-300x180.jpg 300w, https:\/\/t-d-i.es\/wp-content\/uploads\/2023\/01\/nos-vemos-en-enomaq-2023-1-768x461.jpg 768w, https:\/\/t-d-i.es\/wp-content\/uploads\/2023\/01\/nos-vemos-en-enomaq-2023-1-1536x922.jpg 1536w, https:\/\/t-d-i.es\/wp-content\/uploads\/2023\/01\/nos-vemos-en-enomaq-2023-1.jpg 1920w\" sizes=\"(max-width: 1024px) 100vw, 1024px\" \/> <span class=\"raven-post-image-overlay\"><\/span><\/a>\t\t<\/div>\n\t\t\t\t\t\t<div class=\"raven-post-content\">\n\t\t\t\t\t<h3 class=\"raven-post-title\"><a class=\"raven-post-title-link\" href=\"https:\/\/t-d-i.es\/ca\/novetats-de-tdi-a-enomaq-2023\/\">Novetats de TDI a ENOMAQ 2023<\/a><\/h3>\t\t<div class=\"raven-post-meta\"><span class=\"raven-post-meta-item raven-post-categories\"><a href=\"https:\/\/t-d-i.es\/category\/noticias-2023\/\" rel=\"tag\">Noticias 2023<\/a><\/span><\/div>\n\t\t\t\t<div class=\"raven-post-read-more\">\n\t\t\t<a class=\"raven-post-button\" href=\"https:\/\/t-d-i.es\/ca\/novetats-de-tdi-a-enomaq-2023\/\"><span class=\"raven-post-button-text\">Llegir m\u00e9s...<\/span><\/a>\n\t\t<\/div>\n\t\t\t\t\t\t<\/div>\n\t\t\t<\/div>\n\t\t<\/div>\n\t\t\t\t<div class=\"raven-grid-item raven-post-item post-10503 post type-post status-publish format-standard has-post-thumbnail hentry category-noticies-2022\">\n\t\t\t<div class=\"raven-post\">\n\t\t\t\t\t\t<div class=\"raven-post-image-wrap\">\n\t\t\t<a class=\"raven-post-image raven-image-fit\" href=\"https:\/\/t-d-i.es\/ca\/nova-web-tdi-_2022\/\"><img loading=\"lazy\" decoding=\"async\" width=\"1024\" height=\"576\" src=\"https:\/\/t-d-i.es\/wp-content\/uploads\/2022\/01\/web-2022-intro-1-1024x576.jpg\" class=\"attachment-large size-large wp-image-10489\" alt=\"Imagen donde podemos ver el comportamiento de la nueva de web TDI 2022 en varios dispositivos\" srcset=\"https:\/\/t-d-i.es\/wp-content\/uploads\/2022\/01\/web-2022-intro-1-1024x576.jpg 1024w, https:\/\/t-d-i.es\/wp-content\/uploads\/2022\/01\/web-2022-intro-1-300x169.jpg 300w, https:\/\/t-d-i.es\/wp-content\/uploads\/2022\/01\/web-2022-intro-1-768x432.jpg 768w, https:\/\/t-d-i.es\/wp-content\/uploads\/2022\/01\/web-2022-intro-1.jpg 1366w\" sizes=\"(max-width: 1024px) 100vw, 1024px\" \/> <span class=\"raven-post-image-overlay\"><\/span><\/a>\t\t<\/div>\n\t\t\t\t\t\t<div class=\"raven-post-content\">\n\t\t\t\t\t<h3 class=\"raven-post-title\"><a class=\"raven-post-title-link\" href=\"https:\/\/t-d-i.es\/ca\/nova-web-tdi-_2022\/\">Nova web TDI _2022<\/a><\/h3>\t\t<div class=\"raven-post-meta\"><span class=\"raven-post-meta-item raven-post-categories\"><a href=\"https:\/\/t-d-i.es\/ca\/category\/noticies-2022\/\" rel=\"tag\">Not\u00edcies 2022<\/a><\/span><\/div>\n\t\t\t\t<div class=\"raven-post-read-more\">\n\t\t\t<a class=\"raven-post-button\" href=\"https:\/\/t-d-i.es\/ca\/nova-web-tdi-_2022\/\"><span class=\"raven-post-button-text\">Llegir m\u00e9s...<\/span><\/a>\n\t\t<\/div>\n\t\t\t\t\t\t<\/div>\n\t\t\t<\/div>\n\t\t<\/div>\n\t\t\t\t<div class=\"raven-grid-item raven-post-item post-10238 post type-post status-publish format-standard has-post-thumbnail hentry category-noticies-2021 tag-analitzador-quimic-ca tag-miura-ca-2\">\n\t\t\t<div class=\"raven-post\">\n\t\t\t\t\t\t<div class=\"raven-post-image-wrap\">\n\t\t\t<a class=\"raven-post-image raven-image-fit\" href=\"https:\/\/t-d-i.es\/ca\/que-es-un-analitzador-quimic-automatic\/\"><img loading=\"lazy\" decoding=\"async\" width=\"1024\" height=\"683\" src=\"https:\/\/t-d-i.es\/wp-content\/uploads\/2021\/06\/miura-200-1024x683.png\" class=\"attachment-large size-large wp-image-8622\" alt=\"\" srcset=\"https:\/\/t-d-i.es\/wp-content\/uploads\/2021\/06\/miura-200-1024x683.png 1024w, https:\/\/t-d-i.es\/wp-content\/uploads\/2021\/06\/miura-200-300x200.png 300w, https:\/\/t-d-i.es\/wp-content\/uploads\/2021\/06\/miura-200-768x512.png 768w, https:\/\/t-d-i.es\/wp-content\/uploads\/2021\/06\/miura-200-1536x1024.png 1536w, https:\/\/t-d-i.es\/wp-content\/uploads\/2021\/06\/miura-200.png 1920w\" sizes=\"(max-width: 1024px) 100vw, 1024px\" \/> <span class=\"raven-post-image-overlay\"><\/span><\/a>\t\t<\/div>\n\t\t\t\t\t\t<div class=\"raven-post-content\">\n\t\t\t\t\t<h3 class=\"raven-post-title\"><a class=\"raven-post-title-link\" href=\"https:\/\/t-d-i.es\/ca\/que-es-un-analitzador-quimic-automatic\/\">Qu\u00e8 \u00e9s un analitzador qui\u0301mic autom\u00e0tic?<\/a><\/h3>\t\t<div class=\"raven-post-meta\"><span class=\"raven-post-meta-item raven-post-categories\"><a href=\"https:\/\/t-d-i.es\/ca\/category\/noticies-2021\/\" rel=\"tag\">Not\u00edcies 2021<\/a><\/span><\/div>\n\t\t\t\t<div class=\"raven-post-read-more\">\n\t\t\t<a class=\"raven-post-button\" href=\"https:\/\/t-d-i.es\/ca\/que-es-un-analitzador-quimic-automatic\/\"><span class=\"raven-post-button-text\">Llegir m\u00e9s...<\/span><\/a>\n\t\t<\/div>\n\t\t\t\t\t\t<\/div>\n\t\t\t<\/div>\n\t\t<\/div>\n\t\t\t\t<div class=\"raven-grid-item raven-post-item post-10236 post type-post status-publish format-standard has-post-thumbnail hentry category-noticies-2021 tag-analitzador-quimic-ca tag-miura-ca-2 tag-miura-micro-ca\">\n\t\t\t<div class=\"raven-post\">\n\t\t\t\t\t\t<div class=\"raven-post-image-wrap\">\n\t\t\t<a class=\"raven-post-image raven-image-fit\" href=\"https:\/\/t-d-i.es\/ca\/encara-no-coneixes-el-nou-miura-micro\/\"><img loading=\"lazy\" decoding=\"async\" width=\"1024\" height=\"683\" src=\"https:\/\/t-d-i.es\/wp-content\/uploads\/2021\/06\/miura-micro-1024x683.png\" class=\"attachment-large size-large wp-image-8624\" alt=\"\" srcset=\"https:\/\/t-d-i.es\/wp-content\/uploads\/2021\/06\/miura-micro-1024x683.png 1024w, https:\/\/t-d-i.es\/wp-content\/uploads\/2021\/06\/miura-micro-300x200.png 300w, https:\/\/t-d-i.es\/wp-content\/uploads\/2021\/06\/miura-micro-768x512.png 768w, https:\/\/t-d-i.es\/wp-content\/uploads\/2021\/06\/miura-micro-1536x1024.png 1536w, https:\/\/t-d-i.es\/wp-content\/uploads\/2021\/06\/miura-micro.png 1920w\" sizes=\"(max-width: 1024px) 100vw, 1024px\" \/> <span class=\"raven-post-image-overlay\"><\/span><\/a>\t\t<\/div>\n\t\t\t\t\t\t<div class=\"raven-post-content\">\n\t\t\t\t\t<h3 class=\"raven-post-title\"><a class=\"raven-post-title-link\" href=\"https:\/\/t-d-i.es\/ca\/encara-no-coneixes-el-nou-miura-micro\/\">Encara no coneixes el nou MIURA Micro?<\/a><\/h3>\t\t<div class=\"raven-post-meta\"><span class=\"raven-post-meta-item raven-post-categories\"><a href=\"https:\/\/t-d-i.es\/ca\/category\/noticies-2021\/\" rel=\"tag\">Not\u00edcies 2021<\/a><\/span><\/div>\n\t\t\t\t<div class=\"raven-post-read-more\">\n\t\t\t<a class=\"raven-post-button\" href=\"https:\/\/t-d-i.es\/ca\/encara-no-coneixes-el-nou-miura-micro\/\"><span class=\"raven-post-button-text\">Llegir m\u00e9s...<\/span><\/a>\n\t\t<\/div>\n\t\t\t\t\t\t<\/div>\n\t\t\t<\/div>\n\t\t<\/div>\n\t\t\t\t<\/div>\n\t\t\t\t<div class=\"raven-pagination\" data-settings=\"{&quot;posts_per_page&quot;:6,&quot;total_pages&quot;:4,&quot;pages_visible&quot;:7}\">\n\t\t\t<div class=\"raven-pagination-items\">\n\t\t\t\t<a class=\"raven-pagination-prev raven-pagination-item raven-pagination-disabled\" href=\"#\">&laquo; Anterior<\/a><a class=\"raven-pagination-num raven-pagination-item raven-pagination-active\" href=\"#\" data-page-num=\"1\">1<\/a><a class=\"raven-pagination-num raven-pagination-item\" href=\"#\" data-page-num=\"2\">2<\/a><a class=\"raven-pagination-num raven-pagination-item\" href=\"#\" data-page-num=\"3\">3<\/a><a class=\"raven-pagination-num raven-pagination-item\" href=\"#\" data-page-num=\"4\">4<\/a><a class=\"raven-pagination-next raven-pagination-item\" href=\"#\">Seg\u00fcent &raquo;<\/a>\t\t\t<\/div>\n\t\t<\/div>\n\t\t\t\t\t\t<\/div>\n\t\t\t\t<\/div>\n\t\t\t\t\t<\/div>\n\t\t<\/div>\n\t\t\t\t\t<\/div>\n\t\t<\/section>\n\t\t\t\t<\/div>\n\t\t","protected":false},"excerpt":{"rendered":"<p>NOT\u00cdCIES ENOMAQ 2025 Not\u00edcies 2025 Llegir m\u00e9s&#8230; SIEB 2024 Not\u00edcies 2024 Llegir m\u00e9s&#8230; Novetats de TDI a ENOMAQ 2023 Not\u00edcies 2023 Llegir m\u00e9s&#8230; Nova web TDI _2022 Not\u00edcies 2022 Llegir m\u00e9s&#8230; Qu\u00e8 \u00e9s un analitzador qui\u0301mic autom\u00e0tic? Not\u00edcies 2021 Llegir m\u00e9s&#8230; Encara no coneixes el nou MIURA Micro? Not\u00edcies 2021 Llegir m\u00e9s&#8230; &laquo; Anterior1234Seg\u00fcent &raquo;<\/p>\n","protected":false},"author":1,"featured_media":0,"parent":0,"menu_order":0,"comment_status":"closed","ping_status":"closed","template":"","meta":{"_acf_changed":false,"footnotes":""},"class_list":["post-9063","page","type-page","status-publish","hentry"],"acf":[],"_links":{"self":[{"href":"https:\/\/t-d-i.es\/ca\/wp-json\/wp\/v2\/pages\/9063","targetHints":{"allow":["GET"]}}],"collection":[{"href":"https:\/\/t-d-i.es\/ca\/wp-json\/wp\/v2\/pages"}],"about":[{"href":"https:\/\/t-d-i.es\/ca\/wp-json\/wp\/v2\/types\/page"}],"author":[{"embeddable":true,"href":"https:\/\/t-d-i.es\/ca\/wp-json\/wp\/v2\/users\/1"}],"replies":[{"embeddable":true,"href":"https:\/\/t-d-i.es\/ca\/wp-json\/wp\/v2\/comments?post=9063"}],"version-history":[{"count":5,"href":"https:\/\/t-d-i.es\/ca\/wp-json\/wp\/v2\/pages\/9063\/revisions"}],"predecessor-version":[{"id":13840,"href":"https:\/\/t-d-i.es\/ca\/wp-json\/wp\/v2\/pages\/9063\/revisions\/13840"}],"wp:attachment":[{"href":"https:\/\/t-d-i.es\/ca\/wp-json\/wp\/v2\/media?parent=9063"}],"curies":[{"name":"wp","href":"https:\/\/api.w.org\/{rel}","templated":true}]}}